{"id":17,"date":"2026-04-13T11:57:44","date_gmt":"2026-04-13T14:57:44","guid":{"rendered":"https:\/\/sopsp.org.br\/?page_id=17"},"modified":"2026-04-13T12:40:02","modified_gmt":"2026-04-13T15:40:02","slug":"home","status":"publish","type":"page","link":"https:\/\/sopsp.org.br\/","title":{"rendered":"Home"},"content":{"rendered":"\t\t<div data-elementor-type=\"wp-page\" data-elementor-id=\"17\" class=\"elementor elementor-17\" data-elementor-post-type=\"page\">\n\t\t\t\t<div class=\"elementor-element elementor-element-c295108 e-con-full e-flex e-con e-parent\" data-id=\"c295108\" data-element_type=\"container\" data-e-type=\"container\">\n\t\t\t\t<div class=\"elementor-element elementor-element-9b0f077 elementor-widget elementor-widget-html\" data-id=\"9b0f077\" data-element_type=\"widget\" data-e-type=\"widget\" data-widget_type=\"html.default\">\n\t\t\t\t<div class=\"elementor-widget-container\">\n\t\t\t\t\t<!DOCTYPE html>\r\n<html lang=\"pt-BR\">\r\n<head>\r\n    <meta charset=\"UTF-8\">\r\n    <meta name=\"viewport\" content=\"width=device-width, initial-scale=1.0\">\r\n    <title>SOPSP - Sociedade de Psicodrama de S\u00e3o Paulo<\/title>\r\n    \r\n    <link rel=\"stylesheet\" href=\"https:\/\/cdn.jsdelivr.net\/npm\/uikit@3.16.22\/dist\/css\/uikit.min.css\" \/>\r\n    <script src=\"https:\/\/cdn.jsdelivr.net\/npm\/uikit@3.16.22\/dist\/js\/uikit.min.js\"><\/script>\r\n    <script src=\"https:\/\/cdn.jsdelivr.net\/npm\/uikit@3.16.22\/dist\/js\/uikit-icons.min.js\"><\/script>\r\n\r\n    <link rel=\"preconnect\" href=\"https:\/\/fonts.googleapis.com\">\r\n    <link rel=\"preconnect\" href=\"https:\/\/fonts.gstatic.com\" crossorigin>\r\n    <link href=\"https:\/\/fonts.googleapis.com\/css2?family=Funnel+Display:wght@300;400;500;600;700;800&display=swap\" rel=\"stylesheet\">\r\n\r\n    <style>\r\n        :root {\r\n            --color-primary: #D32F2F; \r\n            --color-primary-hover: #9A0007;\r\n            --color-black: #000000;\r\n            --color-black-hover: #1A1A1A;\r\n            --color-white: #FFFFFF;\r\n            --color-gray-light: #F5F5F5;\r\n            --color-text-dark: #222222;\r\n        }\r\n\r\n        body {\r\n            font-family: 'Funnel Display', sans-serif;\r\n            color: var(--color-text-dark);\r\n            background-color: var(--color-white);\r\n        }\r\n\r\n        \/* Utilit\u00e1rios *\/\r\n        .bg-black { background-color: var(--color-black); color: var(--color-white); }\r\n        .bg-gray { background-color: var(--color-gray-light); }\r\n        .text-primary { color: var(--color-primary) !important; }\r\n\r\n        \/* Gradientes *\/\r\n        .bg-gradient-red {\r\n            background: linear-gradient(135deg, var(--color-primary) 0%, #8B0000 100%);\r\n            color: var(--color-white);\r\n        }\r\n        .bg-gradient-black {\r\n            background: linear-gradient(135deg, #000000 0%, #220000 100%);\r\n            color: var(--color-white);\r\n        }\r\n\r\n        \/* Bot\u00f5es *\/\r\n        .uk-button-primary {\r\n            background-color: var(--color-primary);\r\n            color: var(--color-white);\r\n            border-radius: 9999px;\r\n            text-transform: uppercase;\r\n            font-weight: 700;\r\n            padding: 10px 40px;\r\n            border: none;\r\n            transition: 0.4s all ease-in-out;\r\n            box-shadow: 6px 6px 9px rgba(0, 0, 0, 0.15);\r\n        }\r\n        .uk-button-primary:hover {\r\n            background-color: var(--color-primary-hover);\r\n            color: var(--color-white);\r\n        }\r\n\r\n        .uk-button-secondary {\r\n            background-color: var(--color-black);\r\n            color: var(--color-white);\r\n            border-radius: 9999px;\r\n            text-transform: uppercase;\r\n            font-weight: 700;\r\n            padding: 10px 40px;\r\n            border: none;\r\n            transition: 0.4s all ease-in-out;\r\n        }\r\n        .uk-button-secondary:hover {\r\n            background-color: var(--color-primary);\r\n            color: var(--color-white);\r\n        }\r\n\r\n        \/* Cards Personalizados *\/\r\n        .card-autoridade {\r\n            border-radius: 12px;\r\n            box-shadow: 6px 6px 9px rgba(0, 0, 0, 0.05);\r\n            transition: 0.4s all ease-in-out;\r\n            border-top: 4px solid var(--color-primary);\r\n        }\r\n        .card-autoridade:hover {\r\n            transform: translateY(-5px);\r\n            box-shadow: 12px 12px 30px rgba(0, 0, 0, 0.1);\r\n        }\r\n\r\n        \/* Navbar Customizada *\/\r\n        .uk-navbar-container { background-color: var(--color-black) !important; }\r\n        .uk-navbar-nav > li > a {\r\n            color: var(--color-white) !important;\r\n            font-weight: 600;\r\n            text-transform: uppercase;\r\n            transition: 0.4s all;\r\n            font-size: 14px;\r\n        }\r\n        .uk-navbar-nav > li > a:hover { color: var(--color-primary) !important; }\r\n    <\/style>\r\n<\/head>\r\n<body>\r\n\r\n \r\n\r\n    <section class=\"bg-gradient-red uk-section uk-section-xlarge uk-flex uk-flex-middle\" uk-height-viewport=\"offset-top: true\">\r\n        <div class=\"uk-container uk-text-center\" uk-scrollspy=\"cls: uk-animation-fade; delay: 200; repeat: false\">\r\n            <h1 class=\"uk-heading-medium uk-text-bold\" style=\"color: white; line-height: 1.1;\">\r\n                SOPSP \u2014 Sociedade de<br>Psicodrama de S\u00e3o Paulo\r\n            <\/h1>\r\n            <p class=\"uk-text-large uk-margin-medium-top\" style=\"color: rgba(255,255,255,0.9); max-width: 800px; margin: 0 auto;\">\r\n                H\u00e1 mais de 55 anos formando psicodramatistas, promovendo encontro, criatividade e transforma\u00e7\u00e3o social.\r\n            <\/p>\r\n            <div class=\"uk-margin-large-top\">\r\n                <a href=\"#formacao\" class=\"uk-button uk-button-default uk-margin-right\" style=\"border-radius: 9999px; font-weight: 800; background: white; color: var(--color-primary); border: none; padding: 10px 40px;\">Quero conhecer a forma\u00e7\u00e3o<\/a>\r\n                <a href=\"#historia\" class=\"uk-button uk-button-secondary\">Conhe\u00e7a a hist\u00f3ria da SOPSP<\/a>\r\n            <\/div>\r\n        <\/div>\r\n    <\/section>\r\n\r\n    <section class=\"uk-section uk-section-large bg-gray\">\r\n        <div class=\"uk-container\">\r\n            <div class=\"uk-child-width-1-2@s uk-child-width-1-4@m uk-grid-match\" uk-grid uk-scrollspy=\"cls: uk-animation-slide-bottom; target: > div; delay: 100;\">\r\n                \r\n                <div>\r\n                    <div class=\"uk-card uk-card-default uk-card-body card-autoridade uk-text-center\">\r\n                        <span uk-icon=\"icon: star; ratio: 2\" class=\"text-primary\"><\/span>\r\n                        <h3 class=\"uk-card-title uk-margin-top uk-text-bold\">Fundada em 1970<\/h3>\r\n                        <p class=\"uk-text-small\">Pioneirismo no desenvolvimento do Psicodrama.<\/p>\r\n                    <\/div>\r\n                <\/div>\r\n                <div>\r\n                    <div class=\"uk-card uk-card-default uk-card-body card-autoridade uk-text-center\">\r\n                        <span uk-icon=\"icon: users; ratio: 2\" class=\"text-primary\"><\/span>\r\n                        <h3 class=\"uk-card-title uk-margin-top uk-text-bold\">Cofundadora da FEBRAP<\/h3>\r\n                        <p class=\"uk-text-small\">Presen\u00e7a hist\u00f3rica na federa\u00e7\u00e3o nacional.<\/p>\r\n                    <\/div>\r\n                <\/div>\r\n                <div>\r\n                    <div class=\"uk-card uk-card-default uk-card-body card-autoridade uk-text-center\">\r\n                        <span uk-icon=\"icon: graduation-hat; ratio: 2\" class=\"text-primary\"><\/span>\r\n                        <h3 class=\"uk-card-title uk-margin-top uk-text-bold\">+300 Formados<\/h3>\r\n                        <p class=\"uk-text-small\">Psicodramatistas formados na parceria com a PUC-SP.<\/p>\r\n                    <\/div>\r\n                <\/div>\r\n                <div>\r\n                    <div class=\"uk-card uk-card-default uk-card-body card-autoridade uk-text-center\">\r\n                        <span uk-icon=\"icon: heart; ratio: 2\" class=\"text-primary\"><\/span>\r\n                        <h3 class=\"uk-card-title uk-margin-top uk-text-bold\">Refer\u00eancia Nacional<\/h3>\r\n                        <p class=\"uk-text-small\">Em forma\u00e7\u00e3o, pesquisa e atendimento comunit\u00e1rio.<\/p>\r\n                    <\/div>\r\n                <\/div>\r\n\r\n            <\/div>\r\n        <\/div>\r\n    <\/section>\r\n\r\n    <section id=\"a-sopsp\" class=\"uk-section uk-section-large\">\r\n        <div class=\"uk-container\">\r\n            <div class=\"uk-text-center uk-margin-large-bottom\">\r\n                <h2 class=\"uk-h1 uk-text-bold text-primary\">Nossos Pilares<\/h2>\r\n                <p class=\"uk-text-lead\">Organizamos nossa proposta institucional em \u00e1reas claras de atua\u00e7\u00e3o.<\/p>\r\n            <\/div>\r\n            <div class=\"uk-child-width-1-2@m\" uk-grid uk-scrollspy=\"cls: uk-animation-fade; target: > div; delay: 150;\">\r\n                \r\n                <div>\r\n                    <div class=\"uk-card uk-card-default uk-card-body bg-black\">\r\n                        <h3 class=\"uk-card-title uk-text-bold\" style=\"color: white;\">Forma\u00e7\u00e3o em Psicodrama<\/h3>\r\n                        <p style=\"color: #ccc;\">Ensino qualificado com base te\u00f3rica s\u00f3lida, viv\u00eancias pr\u00e1ticas e supervis\u00e3o \u00e9tica continuada.<\/p>\r\n                    <\/div>\r\n                <\/div>\r\n                <div>\r\n                    <div class=\"uk-card uk-card-default uk-card-body bg-black\">\r\n                        <h3 class=\"uk-card-title uk-text-bold\" style=\"color: white;\">Pesquisa e Produ\u00e7\u00e3o<\/h3>\r\n                        <p style=\"color: #ccc;\">Fomento ao desenvolvimento cient\u00edfico, publica\u00e7\u00f5es de artigos e da nossa Revista hist\u00f3rica.<\/p>\r\n                    <\/div>\r\n                <\/div>\r\n                <div>\r\n                    <div class=\"uk-card uk-card-default uk-card-body bg-black\">\r\n                        <h3 class=\"uk-card-title uk-text-bold\" style=\"color: white;\">Atua\u00e7\u00e3o Comunit\u00e1ria<\/h3>\r\n                        <p style=\"color: #ccc;\">Impacto social atrav\u00e9s do CAPSI e atendimento p\u00fablico focando na transforma\u00e7\u00e3o humana.<\/p>\r\n                    <\/div>\r\n                <\/div>\r\n                <div>\r\n                    <div class=\"uk-card uk-card-default uk-card-body bg-black\">\r\n                        <h3 class=\"uk-card-title uk-text-bold\" style=\"color: white;\">Desenvolvimento e Eventos<\/h3>\r\n                        <p style=\"color: #ccc;\">Congressos, jornadas e atos socion\u00f4micos que promovem o encontro da nossa comunidade.<\/p>\r\n                    <\/div>\r\n                <\/div>\r\n\r\n            <\/div>\r\n        <\/div>\r\n    <\/section>\r\n\r\n    <section id=\"historia\" class=\"uk-section uk-section-large bg-gray\">\r\n        <div class=\"uk-container uk-container-small\">\r\n            <h2 class=\"uk-h1 uk-text-bold uk-text-center text-primary uk-margin-large-bottom\">Nossa Hist\u00f3ria<\/h2>\r\n            <p class=\"uk-text-center uk-text-lead uk-margin-bottom\">Uma tradi\u00e7\u00e3o transformada em confian\u00e7a e legado institucional.<\/p>\r\n            \r\n            <ul class=\"uk-list uk-list-divider uk-text-large\">\r\n                <li><strong class=\"text-primary\">1970:<\/strong> Funda\u00e7\u00e3o da SOPSP.<\/li>\r\n                <li><strong class=\"text-primary\">1975:<\/strong> Participa\u00e7\u00e3o na funda\u00e7\u00e3o da FEBRAP.<\/li>\r\n                <li><strong class=\"text-primary\">1976:<\/strong> Lan\u00e7amento da revista e divulga\u00e7\u00e3o cient\u00edfica.<\/li>\r\n                <li><strong class=\"text-primary\">1980\u20131990:<\/strong> Consolida\u00e7\u00e3o e in\u00edcio do CAPSI.<\/li>\r\n                <li><strong class=\"text-primary\">1996\u20132017:<\/strong> Parceria de excel\u00eancia com a PUC-SP.<\/li>\r\n                <li><strong class=\"text-primary\">2020:<\/strong> Celebra\u00e7\u00e3o de 50 anos de exist\u00eancia.<\/li>\r\n                <li><strong class=\"text-primary\">2025:<\/strong> 55 anos e continuidade de um legado vivo.<\/li>\r\n            <\/ul>\r\n        <\/div>\r\n    <\/section>\r\n\r\n    <section id=\"formacao\" class=\"uk-section uk-section-large\">\r\n        <div class=\"uk-container\">\r\n            <div class=\"uk-grid-large uk-flex-middle\" uk-grid>\r\n                <div class=\"uk-width-1-2@m\">\r\n                    <h2 class=\"uk-h1 uk-text-bold\">Sua Forma\u00e7\u00e3o em Psicodrama<\/h2>\r\n                    <p class=\"uk-text-large\">Junte-se a profissionais de excel\u00eancia e fa\u00e7a parte de uma hist\u00f3ria de mais de 5 d\u00e9cadas formando psicodramatistas de refer\u00eancia.<\/p>\r\n                    \r\n                    <ul uk-accordion>\r\n                        <li>\r\n                            <a class=\"uk-accordion-title uk-text-bold\" href=\"#\">Quem pode fazer a forma\u00e7\u00e3o?<\/a>\r\n                            <div class=\"uk-accordion-content\"><p>Psic\u00f3logos, profissionais da sa\u00fade, educa\u00e7\u00e3o e pessoas focadas em desenvolvimento humano.<\/p><\/div>\r\n                        <\/li>\r\n                        <li>\r\n                            <a class=\"uk-accordion-title uk-text-bold\" href=\"#\">Como funciona?<\/a>\r\n                            <div class=\"uk-accordion-content\"><p>Integra base te\u00f3rica, viv\u00eancia em grupo, supervis\u00e3o \u00e9tica e pr\u00e1tica de inser\u00e7\u00e3o comunit\u00e1ria.<\/p><\/div>\r\n                        <\/li>\r\n                    <\/ul>\r\n                    <a href=\"#\" class=\"uk-button uk-button-primary uk-margin-top\">P\u00e1gina Completa de Cursos<\/a>\r\n                <\/div>\r\n                \r\n                <div class=\"uk-width-1-2@m\">\r\n                    <div class=\"uk-card uk-card-default uk-card-body\" style=\"border-radius: 12px; border-top: 5px solid var(--color-black);\">\r\n                        <h3 class=\"uk-card-title uk-text-bold\">Demonstre Interesse<\/h3>\r\n                        <form class=\"uk-form-stacked\">\r\n                            <div class=\"uk-margin\"><input class=\"uk-input\" type=\"text\" placeholder=\"Nome completo\"><\/div>\r\n                            <div class=\"uk-margin\"><input class=\"uk-input\" type=\"email\" placeholder=\"E-mail\"><\/div>\r\n                            <div class=\"uk-margin\"><input class=\"uk-input\" type=\"text\" placeholder=\"WhatsApp\"><\/div>\r\n                            <div class=\"uk-margin\"><input class=\"uk-input\" type=\"text\" placeholder=\"\u00c1rea de Atua\u00e7\u00e3o\"><\/div>\r\n                            <button class=\"uk-button uk-button-secondary uk-width-1-1\">Enviar Interesse<\/button>\r\n                        <\/form>\r\n                    <\/div>\r\n                <\/div>\r\n            <\/div>\r\n        <\/div>\r\n    <\/section>\r\n\r\n    <section id=\"diretoria\" class=\"uk-section uk-section-large bg-gray\">\r\n        <div class=\"uk-container\">\r\n            <h2 class=\"uk-h1 uk-text-bold uk-text-center text-primary uk-margin-large-bottom\">Diretoria Atual<\/h2>\r\n            \r\n            <div class=\"uk-child-width-1-2@s uk-child-width-1-3@m\" uk-grid>\r\n                <div>\r\n                    <div class=\"uk-card uk-card-default uk-card-body uk-text-center\" style=\"border-radius: 12px;\">\r\n                        <div class=\"uk-border-circle bg-black uk-margin-auto\" style=\"width: 100px; height: 100px;\"><\/div>\r\n                        <h4 class=\"uk-margin-top uk-text-bold uk-margin-remove-bottom\">Thamiris Felipe Rosa<\/h4>\r\n                        <p class=\"uk-text-muted uk-margin-remove-top text-primary\">Presidente<\/p>\r\n                    <\/div>\r\n                <\/div>\r\n                <div>\r\n                    <div class=\"uk-card uk-card-default uk-card-body uk-text-center\" style=\"border-radius: 12px;\">\r\n                        <div class=\"uk-border-circle bg-black uk-margin-auto\" style=\"width: 100px; height: 100px;\"><\/div>\r\n                        <h4 class=\"uk-margin-top uk-text-bold uk-margin-remove-bottom\">Daniela A. Cardoso da Silva<\/h4>\r\n                        <p class=\"uk-text-muted uk-margin-remove-top text-primary\">Vice-presidente<\/p>\r\n                    <\/div>\r\n                <\/div>\r\n                <div>\r\n                    <div class=\"uk-card uk-card-default uk-card-body uk-text-center\" style=\"border-radius: 12px;\">\r\n                        <div class=\"uk-border-circle bg-black uk-margin-auto\" style=\"width: 100px; height: 100px;\"><\/div>\r\n                        <h4 class=\"uk-margin-top uk-text-bold uk-margin-remove-bottom\">Giovana A. Amaral dos Santos<\/h4>\r\n                        <p class=\"uk-text-muted uk-margin-remove-top text-primary\">Tesoureira<\/p>\r\n                    <\/div>\r\n                <\/div>\r\n            <\/div>\r\n            <div class=\"uk-text-center uk-margin-large-top\">\r\n                <button class=\"uk-button uk-button-secondary\">Ver Governan\u00e7a Completa<\/button>\r\n            <\/div>\r\n        <\/div>\r\n    <\/section>\r\n\r\n    <section id=\"contato\" class=\"bg-gradient-black uk-section uk-section-large\">\r\n        <div class=\"uk-container uk-text-center\">\r\n            <h2 class=\"uk-h1 uk-text-bold\" style=\"color: white;\">D\u00ea o Pr\u00f3ximo Passo com a SOPSP<\/h2>\r\n            <p class=\"uk-text-large\" style=\"color: #ccc;\">Quer aprofundar a sua experi\u00eancia com o Psicodrama? Fale connosco e fa\u00e7a parte da nossa comunidade.<\/p>\r\n            \r\n            <div class=\"uk-margin-large-top\">\r\n                <button class=\"uk-button uk-button-primary uk-margin-right\">Tenho interesse na forma\u00e7\u00e3o<\/button>\r\n                <button class=\"uk-button uk-button-default\" style=\"border-radius: 9999px; font-weight: bold; color: white;\">Entrar em contato<\/button>\r\n            <\/div>\r\n\r\n            <hr class=\"uk-divider-icon uk-margin-large-top uk-margin-large-bottom\">\r\n\r\n            <div class=\"uk-child-width-1-3@m uk-grid-divider\" uk-grid style=\"color: white;\">\r\n                <div>\r\n                    <span uk-icon=\"icon: mail\" class=\"uk-margin-small-right text-primary\"><\/span> sopsp@sopsp.org.br\r\n                <\/div>\r\n                <div>\r\n                    <span uk-icon=\"icon: receiver\" class=\"uk-margin-small-right text-primary\"><\/span> 11 94887-4689\r\n                <\/div>\r\n                <div>\r\n                    <span uk-icon=\"icon: instagram\" class=\"uk-margin-small-right text-primary\"><\/span> @sopsp_psicodrama\r\n                <\/div>\r\n            <\/div>\r\n        <\/div>\r\n    <\/section>\r\n\r\n    <footer class=\"bg-black uk-section uk-section-small\" style=\"border-top: 1px solid #333;\">\r\n        <div class=\"uk-container uk-text-center\">\r\n            <p class=\"uk-margin-remove\" style=\"color: #777;\">\u00a9 2026 SOPSP - Sociedade de Psicodrama de S\u00e3o Paulo. Todos os direitos reservados.<\/p>\r\n        <\/div>\r\n    <\/footer>\r\n\r\n<\/body>\r\n<\/html>\t\t\t\t<\/div>\n\t\t\t\t<\/div>\n\t\t\t\t<\/div>\n\t\t\t\t<\/div>\n\t\t","protected":false},"excerpt":{"rendered":"<p>SOPSP &#8211; Sociedade de Psicodrama de S\u00e3o Paulo SOPSP \u2014 Sociedade dePsicodrama de S\u00e3o Paulo H\u00e1 mais de 55 anos formando psicodramatistas, promovendo encontro, criatividade e transforma\u00e7\u00e3o social. Quero conhecer a forma\u00e7\u00e3o Conhe\u00e7a a hist\u00f3ria da SOPSP div; delay: 100;&#8221;> Fundada em 1970 Pioneirismo no desenvolvimento do Psicodrama. Cofundadora da FEBRAP Presen\u00e7a hist\u00f3rica na federa\u00e7\u00e3o [&hellip;]<\/p>\n","protected":false},"author":1,"featured_media":0,"parent":0,"menu_order":0,"comment_status":"closed","ping_status":"closed","template":"elementor_header_footer","meta":{"footnotes":""},"class_list":["post-17","page","type-page","status-publish","hentry"],"yoast_head":"<!-- This site is optimized with the Yoast SEO plugin v27.3 - https:\/\/yoast.com\/product\/yoast-seo-wordpress\/ -->\n<title>Home - Sopsp<\/title>\n<meta name=\"robots\" content=\"index, follow, max-snippet:-1, max-image-preview:large, max-video-preview:-1\" \/>\n<link rel=\"canonical\" href=\"https:\/\/sopsp.org.br\/\" \/>\n<meta property=\"og:locale\" content=\"pt_BR\" \/>\n<meta property=\"og:type\" content=\"article\" \/>\n<meta property=\"og:title\" content=\"Home - Sopsp\" \/>\n<meta property=\"og:description\" content=\"SOPSP &#8211; Sociedade de Psicodrama de S\u00e3o Paulo SOPSP \u2014 Sociedade dePsicodrama de S\u00e3o Paulo H\u00e1 mais de 55 anos formando psicodramatistas, promovendo encontro, criatividade e transforma\u00e7\u00e3o social. Quero conhecer a forma\u00e7\u00e3o Conhe\u00e7a a hist\u00f3ria da SOPSP div; delay: 100;&#8221;&gt; Fundada em 1970 Pioneirismo no desenvolvimento do Psicodrama. Cofundadora da FEBRAP Presen\u00e7a hist\u00f3rica na federa\u00e7\u00e3o [&hellip;]\" \/>\n<meta property=\"og:url\" content=\"https:\/\/sopsp.org.br\/\" \/>\n<meta property=\"og:site_name\" content=\"Sopsp\" \/>\n<meta property=\"article:modified_time\" content=\"2026-04-13T15:40:02+00:00\" \/>\n<meta name=\"twitter:card\" content=\"summary_large_image\" \/>\n<meta name=\"twitter:label1\" content=\"Est. tempo de leitura\" \/>\n\t<meta name=\"twitter:data1\" content=\"2 minutos\" \/>\n<script type=\"application\/ld+json\" class=\"yoast-schema-graph\">{\"@context\":\"https:\\\/\\\/schema.org\",\"@graph\":[{\"@type\":\"WebPage\",\"@id\":\"https:\\\/\\\/sopsp.org.br\\\/\",\"url\":\"https:\\\/\\\/sopsp.org.br\\\/\",\"name\":\"Home - Sopsp\",\"isPartOf\":{\"@id\":\"https:\\\/\\\/sopsp.org.br\\\/#website\"},\"datePublished\":\"2026-04-13T14:57:44+00:00\",\"dateModified\":\"2026-04-13T15:40:02+00:00\",\"breadcrumb\":{\"@id\":\"https:\\\/\\\/sopsp.org.br\\\/#breadcrumb\"},\"inLanguage\":\"pt-BR\",\"potentialAction\":[{\"@type\":\"ReadAction\",\"target\":[\"https:\\\/\\\/sopsp.org.br\\\/\"]}]},{\"@type\":\"BreadcrumbList\",\"@id\":\"https:\\\/\\\/sopsp.org.br\\\/#breadcrumb\",\"itemListElement\":[{\"@type\":\"ListItem\",\"position\":1,\"name\":\"Home\",\"item\":\"https:\\\/\\\/sopsp.org.br\\\/\"},{\"@type\":\"ListItem\",\"position\":2,\"name\":\"Home\"}]},{\"@type\":\"WebSite\",\"@id\":\"https:\\\/\\\/sopsp.org.br\\\/#website\",\"url\":\"https:\\\/\\\/sopsp.org.br\\\/\",\"name\":\"Sopsp\",\"description\":\"\",\"potentialAction\":[{\"@type\":\"SearchAction\",\"target\":{\"@type\":\"EntryPoint\",\"urlTemplate\":\"https:\\\/\\\/sopsp.org.br\\\/?s={search_term_string}\"},\"query-input\":{\"@type\":\"PropertyValueSpecification\",\"valueRequired\":true,\"valueName\":\"search_term_string\"}}],\"inLanguage\":\"pt-BR\"}]}<\/script>\n<!-- \/ Yoast SEO plugin. -->","yoast_head_json":{"title":"Home - Sopsp","robots":{"index":"index","follow":"follow","max-snippet":"max-snippet:-1","max-image-preview":"max-image-preview:large","max-video-preview":"max-video-preview:-1"},"canonical":"https:\/\/sopsp.org.br\/","og_locale":"pt_BR","og_type":"article","og_title":"Home - Sopsp","og_description":"SOPSP &#8211; Sociedade de Psicodrama de S\u00e3o Paulo SOPSP \u2014 Sociedade dePsicodrama de S\u00e3o Paulo H\u00e1 mais de 55 anos formando psicodramatistas, promovendo encontro, criatividade e transforma\u00e7\u00e3o social. Quero conhecer a forma\u00e7\u00e3o Conhe\u00e7a a hist\u00f3ria da SOPSP div; delay: 100;&#8221;> Fundada em 1970 Pioneirismo no desenvolvimento do Psicodrama. Cofundadora da FEBRAP Presen\u00e7a hist\u00f3rica na federa\u00e7\u00e3o [&hellip;]","og_url":"https:\/\/sopsp.org.br\/","og_site_name":"Sopsp","article_modified_time":"2026-04-13T15:40:02+00:00","twitter_card":"summary_large_image","twitter_misc":{"Est. tempo de leitura":"2 minutos"},"schema":{"@context":"https:\/\/schema.org","@graph":[{"@type":"WebPage","@id":"https:\/\/sopsp.org.br\/","url":"https:\/\/sopsp.org.br\/","name":"Home - Sopsp","isPartOf":{"@id":"https:\/\/sopsp.org.br\/#website"},"datePublished":"2026-04-13T14:57:44+00:00","dateModified":"2026-04-13T15:40:02+00:00","breadcrumb":{"@id":"https:\/\/sopsp.org.br\/#breadcrumb"},"inLanguage":"pt-BR","potentialAction":[{"@type":"ReadAction","target":["https:\/\/sopsp.org.br\/"]}]},{"@type":"BreadcrumbList","@id":"https:\/\/sopsp.org.br\/#breadcrumb","itemListElement":[{"@type":"ListItem","position":1,"name":"Home","item":"https:\/\/sopsp.org.br\/"},{"@type":"ListItem","position":2,"name":"Home"}]},{"@type":"WebSite","@id":"https:\/\/sopsp.org.br\/#website","url":"https:\/\/sopsp.org.br\/","name":"Sopsp","description":"","potentialAction":[{"@type":"SearchAction","target":{"@type":"EntryPoint","urlTemplate":"https:\/\/sopsp.org.br\/?s={search_term_string}"},"query-input":{"@type":"PropertyValueSpecification","valueRequired":true,"valueName":"search_term_string"}}],"inLanguage":"pt-BR"}]}},"_links":{"self":[{"href":"https:\/\/sopsp.org.br\/index.php?rest_route=\/wp\/v2\/pages\/17","targetHints":{"allow":["GET"]}}],"collection":[{"href":"https:\/\/sopsp.org.br\/index.php?rest_route=\/wp\/v2\/pages"}],"about":[{"href":"https:\/\/sopsp.org.br\/index.php?rest_route=\/wp\/v2\/types\/page"}],"author":[{"embeddable":true,"href":"https:\/\/sopsp.org.br\/index.php?rest_route=\/wp\/v2\/users\/1"}],"replies":[{"embeddable":true,"href":"https:\/\/sopsp.org.br\/index.php?rest_route=%2Fwp%2Fv2%2Fcomments&post=17"}],"version-history":[{"count":7,"href":"https:\/\/sopsp.org.br\/index.php?rest_route=\/wp\/v2\/pages\/17\/revisions"}],"predecessor-version":[{"id":25,"href":"https:\/\/sopsp.org.br\/index.php?rest_route=\/wp\/v2\/pages\/17\/revisions\/25"}],"wp:attachment":[{"href":"https:\/\/sopsp.org.br\/index.php?rest_route=%2Fwp%2Fv2%2Fmedia&parent=17"}],"curies":[{"name":"wp","href":"https:\/\/api.w.org\/{rel}","templated":true}]}}