{"id":34,"date":"2026-04-13T12:07:48","date_gmt":"2026-04-13T15:07:48","guid":{"rendered":"https:\/\/sopsp.org.br\/?page_id=34"},"modified":"2026-04-13T12:09:44","modified_gmt":"2026-04-13T15:09:44","slug":"formacao","status":"publish","type":"page","link":"https:\/\/sopsp.org.br\/?page_id=34","title":{"rendered":"Forma\u00e7\u00e3o"},"content":{"rendered":"\t\t<div data-elementor-type=\"wp-page\" data-elementor-id=\"34\" class=\"elementor elementor-34\" data-elementor-post-type=\"page\">\n\t\t\t\t<div class=\"elementor-element elementor-element-8894677 e-con-full e-flex e-con e-parent\" data-id=\"8894677\" data-element_type=\"container\" data-e-type=\"container\">\n\t\t\t\t<div class=\"elementor-element elementor-element-853fd33 elementor-widget elementor-widget-html\" data-id=\"853fd33\" data-element_type=\"widget\" data-e-type=\"widget\" data-widget_type=\"html.default\">\n\t\t\t\t<div class=\"elementor-widget-container\">\n\t\t\t\t\t<!DOCTYPE html>\r\n<html lang=\"pt-BR\">\r\n<head>\r\n    <meta charset=\"UTF-8\">\r\n    <meta name=\"viewport\" content=\"width=device-width, initial-scale=1.0\">\r\n    <title>Forma\u00e7\u00e3o em Psicodrama - SOPSP<\/title>\r\n    \r\n    <link rel=\"stylesheet\" href=\"https:\/\/cdn.jsdelivr.net\/npm\/uikit@3.16.22\/dist\/css\/uikit.min.css\" \/>\r\n    <script src=\"https:\/\/cdn.jsdelivr.net\/npm\/uikit@3.16.22\/dist\/js\/uikit.min.js\"><\/script>\r\n    <script src=\"https:\/\/cdn.jsdelivr.net\/npm\/uikit@3.16.22\/dist\/js\/uikit-icons.min.js\"><\/script>\r\n\r\n    <link rel=\"preconnect\" href=\"https:\/\/fonts.googleapis.com\">\r\n    <link rel=\"preconnect\" href=\"https:\/\/fonts.gstatic.com\" crossorigin>\r\n    <link href=\"https:\/\/fonts.googleapis.com\/css2?family=Funnel+Display:wght@300;400;500;600;700;800&display=swap\" rel=\"stylesheet\">\r\n\r\n    <style>\r\n        :root {\r\n            --color-primary: #D32F2F; \r\n            --color-primary-hover: #9A0007;\r\n            --color-black: #000000;\r\n            --color-black-hover: #1A1A1A;\r\n            --color-white: #FFFFFF;\r\n            --color-gray-light: #F5F5F5;\r\n            --color-text-dark: #222222;\r\n        }\r\n\r\n        body {\r\n            font-family: 'Funnel Display', sans-serif;\r\n            color: var(--color-text-dark);\r\n            background-color: var(--color-white);\r\n        }\r\n\r\n        \/* Utilit\u00e1rios *\/\r\n        .bg-black { background-color: var(--color-black); color: var(--color-white); }\r\n        .bg-gray { background-color: var(--color-gray-light); }\r\n        .text-primary { color: var(--color-primary) !important; }\r\n\r\n        \/* Gradientes *\/\r\n        .bg-gradient-red {\r\n            background: linear-gradient(135deg, var(--color-primary) 0%, #8B0000 100%);\r\n            color: var(--color-white);\r\n        }\r\n\r\n        \/* Bot\u00f5es *\/\r\n        .uk-button-primary {\r\n            background-color: var(--color-primary);\r\n            color: var(--color-white);\r\n            border-radius: 9999px;\r\n            text-transform: uppercase;\r\n            font-weight: 700;\r\n            padding: 10px 40px;\r\n            border: none;\r\n            transition: 0.4s all ease-in-out;\r\n            box-shadow: 6px 6px 9px rgba(0, 0, 0, 0.15);\r\n        }\r\n        .uk-button-primary:hover {\r\n            background-color: var(--color-primary-hover);\r\n            color: var(--color-white);\r\n        }\r\n\r\n        .uk-button-secondary {\r\n            background-color: var(--color-black);\r\n            color: var(--color-white);\r\n            border-radius: 9999px;\r\n            text-transform: uppercase;\r\n            font-weight: 700;\r\n            padding: 10px 40px;\r\n            border: none;\r\n            transition: 0.4s all ease-in-out;\r\n        }\r\n        .uk-button-secondary:hover {\r\n            background-color: var(--color-primary);\r\n            color: var(--color-white);\r\n        }\r\n\r\n        \/* Navbar Customizada *\/\r\n        .uk-navbar-container { background-color: var(--color-black) !important; }\r\n        .uk-navbar-nav > li > a {\r\n            color: var(--color-white) !important;\r\n            font-weight: 600;\r\n            text-transform: uppercase;\r\n            transition: 0.4s all;\r\n            font-size: 14px;\r\n        }\r\n        .uk-navbar-nav > li > a:hover, .uk-navbar-nav > li.uk-active > a { color: var(--color-primary) !important; }\r\n\r\n        \/* Componentes Especiais *\/\r\n        .card-beneficio {\r\n            border: 1px solid #eee;\r\n            border-radius: 12px;\r\n            transition: 0.3s all;\r\n        }\r\n        .card-beneficio:hover {\r\n            border-color: var(--color-primary);\r\n            box-shadow: 0 8px 25px rgba(211, 47, 47, 0.1);\r\n            transform: translateY(-5px);\r\n        }\r\n        \r\n        .etapa-numero {\r\n            width: 50px;\r\n            height: 50px;\r\n            background-color: var(--color-primary);\r\n            color: white;\r\n            border-radius: 50%;\r\n            display: flex;\r\n            align-items: center;\r\n            justify-content: center;\r\n            font-size: 24px;\r\n            font-weight: 800;\r\n            margin: 0 auto 15px auto;\r\n        }\r\n    <\/style>\r\n<\/head>\r\n<body>\r\n\r\n    \r\n    <section class=\"bg-gradient-red uk-section uk-section-xlarge uk-flex uk-flex-middle\" uk-height-viewport=\"offset-top: true\">\r\n        <div class=\"uk-container uk-text-center\" uk-scrollspy=\"cls: uk-animation-scale-up; delay: 200;\">\r\n            <h1 class=\"uk-heading-medium uk-text-bold\" style=\"color: white; line-height: 1.1;\">\r\n                Forma\u00e7\u00e3o em Psicodrama na SOPSP\r\n            <\/h1>\r\n            <p class=\"uk-text-large uk-margin-medium-top\" style=\"color: rgba(255,255,255,0.9); max-width: 700px; margin: 0 auto;\">\r\n                Desenvolva a sua capacidade de transformar rela\u00e7\u00f5es humanas. Junte-se a uma tradi\u00e7\u00e3o de excel\u00eancia cl\u00ednica e socion\u00f4mica.\r\n            <\/p>\r\n            <div class=\"uk-margin-large-top\">\r\n                <a href=\"#interesse\" class=\"uk-button uk-button-default\" style=\"border-radius: 9999px; font-weight: 800; background: white; color: var(--color-primary); border: none; padding: 12px 45px; font-size: 16px;\">Demonstrar Interesse<\/a>\r\n            <\/div>\r\n        <\/div>\r\n    <\/section>\r\n\r\n    <section class=\"uk-section uk-section-large\">\r\n        <div class=\"uk-container\">\r\n            <h2 class=\"uk-h1 uk-text-bold uk-text-center text-primary uk-margin-large-bottom\">Para quem \u00e9 a forma\u00e7\u00e3o?<\/h2>\r\n            \r\n            <div class=\"uk-child-width-1-2@s uk-child-width-1-4@m uk-grid-match\" uk-grid uk-scrollspy=\"cls: uk-animation-slide-bottom; target: > div; delay: 100;\">\r\n                <div>\r\n                    <div class=\"uk-card uk-card-default uk-card-body uk-text-center\" style=\"border-radius: 8px;\">\r\n                        <span uk-icon=\"icon: user; ratio: 2\" class=\"text-primary\"><\/span>\r\n                        <h4 class=\"uk-text-bold uk-margin-top\">Psic\u00f3logos<\/h4>\r\n                        <p class=\"uk-text-small\">Aprimoramento cl\u00ednico com metodologias ativas.<\/p>\r\n                    <\/div>\r\n                <\/div>\r\n                <div>\r\n                    <div class=\"uk-card uk-card-default uk-card-body uk-text-center\" style=\"border-radius: 8px;\">\r\n                        <span uk-icon=\"icon: heart; ratio: 2\" class=\"text-primary\"><\/span>\r\n                        <h4 class=\"uk-text-bold uk-margin-top\">Sa\u00fade<\/h4>\r\n                        <p class=\"uk-text-small\">Profissionais buscando humaniza\u00e7\u00e3o e manejo grupal.<\/p>\r\n                    <\/div>\r\n                <\/div>\r\n                <div>\r\n                    <div class=\"uk-card uk-card-default uk-card-body uk-text-center\" style=\"border-radius: 8px;\">\r\n                        <span uk-icon=\"icon: bookmark; ratio: 2\" class=\"text-primary\"><\/span>\r\n                        <h4 class=\"uk-text-bold uk-margin-top\">Educa\u00e7\u00e3o<\/h4>\r\n                        <p class=\"uk-text-small\">Educadores focados em processos de ensino transformadores.<\/p>\r\n                    <\/div>\r\n                <\/div>\r\n                <div>\r\n                    <div class=\"uk-card uk-card-default uk-card-body uk-text-center\" style=\"border-radius: 8px;\">\r\n                        <span uk-icon=\"icon: users; ratio: 2\" class=\"text-primary\"><\/span>\r\n                        <h4 class=\"uk-text-bold uk-margin-top\">Grupos<\/h4>\r\n                        <p class=\"uk-text-small\">Pessoas focadas em desenvolvimento humano e social.<\/p>\r\n                    <\/div>\r\n                <\/div>\r\n            <\/div>\r\n        <\/div>\r\n    <\/section>\r\n\r\n    <section class=\"uk-section uk-section-large bg-gray\">\r\n        <div class=\"uk-container\">\r\n            <h2 class=\"uk-h1 uk-text-bold uk-text-center uk-margin-large-bottom\">O que voc\u00ea encontra aqui<\/h2>\r\n            \r\n            <div class=\"uk-child-width-1-2@m uk-child-width-1-3@l uk-grid-match\" uk-grid>\r\n                <div>\r\n                    <div class=\"uk-card uk-card-body card-beneficio bg-white\">\r\n                        <h4 class=\"uk-text-bold text-primary\">Base Te\u00f3rica S\u00f3lida<\/h4>\r\n                        <p>Estudos aprofundados na Socionomia de Jacob Levy Moreno.<\/p>\r\n                    <\/div>\r\n                <\/div>\r\n                <div>\r\n                    <div class=\"uk-card uk-card-body card-beneficio bg-white\">\r\n                        <h4 class=\"uk-text-bold text-primary\">Pr\u00e1tica Supervisionada<\/h4>\r\n                        <p>Acompanhamento \u00e9tico e cont\u00ednuo para atua\u00e7\u00e3o segura.<\/p>\r\n                    <\/div>\r\n                <\/div>\r\n                <div>\r\n                    <div class=\"uk-card uk-card-body card-beneficio bg-white\">\r\n                        <h4 class=\"uk-text-bold text-primary\">Viv\u00eancias Pr\u00e1ticas<\/h4>\r\n                        <p>Imers\u00e3o no m\u00e9todo atrav\u00e9s de dramatiza\u00e7\u00f5es e processos grupais.<\/p>\r\n                    <\/div>\r\n                <\/div>\r\n                <div>\r\n                    <div class=\"uk-card uk-card-body card-beneficio bg-white\">\r\n                        <h4 class=\"uk-text-bold text-primary\">Forma\u00e7\u00e3o \u00c9tica<\/h4>\r\n                        <p>Responsabilidade no cuidado com o outro e nas interven\u00e7\u00f5es.<\/p>\r\n                    <\/div>\r\n                <\/div>\r\n                <div>\r\n                    <div class=\"uk-card uk-card-body card-beneficio bg-white\">\r\n                        <h4 class=\"uk-text-bold text-primary\">Inser\u00e7\u00e3o Comunit\u00e1ria<\/h4>\r\n                        <p>Oportunidade de atuar no CAPSI e em projetos sociais.<\/p>\r\n                    <\/div>\r\n                <\/div>\r\n            <\/div>\r\n        <\/div>\r\n    <\/section>\r\n\r\n    <section class=\"uk-section uk-section-large\">\r\n        <div class=\"uk-container\">\r\n            <h2 class=\"uk-h1 uk-text-bold uk-text-center text-primary uk-margin-large-bottom\">Estrutura da Forma\u00e7\u00e3o<\/h2>\r\n            \r\n            <div class=\"uk-child-width-1-2@s uk-child-width-1-3@m uk-text-center\" uk-grid uk-scrollspy=\"cls: uk-animation-fade; target: > div; delay: 150;\">\r\n                <div>\r\n                    <div class=\"etapa-numero\">1<\/div>\r\n                    <h4 class=\"uk-text-bold\">Introdu\u00e7\u00e3o<\/h4>\r\n                    <p class=\"uk-text-small\">Primeiros contatos com a teoria e filosofia.<\/p>\r\n                <\/div>\r\n                <div>\r\n                    <div class=\"etapa-numero\">2<\/div>\r\n                    <h4 class=\"uk-text-bold\">Viv\u00eancias<\/h4>\r\n                    <p class=\"uk-text-small\">Experi\u00eancia pr\u00e1tica do m\u00e9todo no grupo.<\/p>\r\n                <\/div>\r\n                <div>\r\n                    <div class=\"etapa-numero\">3<\/div>\r\n                    <h4 class=\"uk-text-bold\">Teoria<\/h4>\r\n                    <p class=\"uk-text-small\">Aprofundamento conceitual da Socionomia.<\/p>\r\n                <\/div>\r\n                <div>\r\n                    <div class=\"etapa-numero\">4<\/div>\r\n                    <h4 class=\"uk-text-bold\">Pr\u00e1tica<\/h4>\r\n                    <p class=\"uk-text-small\">In\u00edcio da condu\u00e7\u00e3o e dire\u00e7\u00e3o de grupos.<\/p>\r\n                <\/div>\r\n                <div>\r\n                    <div class=\"etapa-numero\">5<\/div>\r\n                    <h4 class=\"uk-text-bold\">Supervis\u00e3o<\/h4>\r\n                    <p class=\"uk-text-small\">Orienta\u00e7\u00e3o rigorosa sobre os atendimentos.<\/p>\r\n                <\/div>\r\n                <div>\r\n                    <div class=\"etapa-numero\">6<\/div>\r\n                    <h4 class=\"uk-text-bold\">Aprofundamento<\/h4>\r\n                    <p class=\"uk-text-small\">Cursos avan\u00e7ados para n\u00edvel didata.<\/p>\r\n                <\/div>\r\n            <\/div>\r\n        <\/div>\r\n    <\/section>\r\n\r\n    <section class=\"bg-black uk-section uk-section-large\">\r\n        <div class=\"uk-container uk-text-center\">\r\n            <h2 class=\"uk-h1 uk-text-bold text-primary\">Por que formar-se conosco?<\/h2>\r\n            <p class=\"uk-text-large\" style=\"color: #ccc; max-width: 800px; margin: 0 auto 50px auto;\">\r\n                Uma tradi\u00e7\u00e3o validada pela hist\u00f3ria e pelos profissionais que hoje s\u00e3o refer\u00eancia no mercado.\r\n            <\/p>\r\n            \r\n            <div class=\"uk-child-width-1-2@s uk-child-width-1-4@m\" uk-grid>\r\n                <div>\r\n                    <h3 class=\"uk-heading-medium uk-text-bold\" style=\"color: white; margin-bottom: 0;\">1971<\/h3>\r\n                    <p class=\"uk-text-bold text-primary\">Primeiro Curso<\/p>\r\n                <\/div>\r\n                <div>\r\n                    <h3 class=\"uk-heading-medium uk-text-bold\" style=\"color: white; margin-bottom: 0;\">PUC<\/h3>\r\n                    <p class=\"uk-text-bold text-primary\">Parceria Hist\u00f3rica<\/p>\r\n                <\/div>\r\n                <div>\r\n                    <h3 class=\"uk-heading-medium uk-text-bold\" style=\"color: white; margin-bottom: 0;\">+300<\/h3>\r\n                    <p class=\"uk-text-bold text-primary\">Profissionais Formados<\/p>\r\n                <\/div>\r\n                <div>\r\n                    <h3 class=\"uk-heading-medium uk-text-bold\" style=\"color: white; margin-bottom: 0;\">II e III<\/h3>\r\n                    <p class=\"uk-text-bold text-primary\">N\u00edveis Didatas<\/p>\r\n                <\/div>\r\n            <\/div>\r\n        <\/div>\r\n    <\/section>\r\n\r\n    <section id=\"interesse\" class=\"uk-section uk-section-large bg-gray\">\r\n        <div class=\"uk-container\">\r\n            <div class=\"uk-grid-large\" uk-grid>\r\n                \r\n                <div class=\"uk-width-1-2@m\">\r\n                    <h2 class=\"uk-h2 uk-text-bold text-primary\">Perguntas Frequentes<\/h2>\r\n                    <ul uk-accordion=\"collapsible: true\" class=\"uk-margin-medium-top\">\r\n                        <li>\r\n                            <a class=\"uk-accordion-title uk-text-bold\" href=\"#\">Quem pode fazer?<\/a>\r\n                            <div class=\"uk-accordion-content\"><p>Destinado a psic\u00f3logos, m\u00e9dicos, educadores e profissionais focados em processos de desenvolvimento humano e grupal.<\/p><\/div>\r\n                        <\/li>\r\n                        <li>\r\n                            <a class=\"uk-accordion-title uk-text-bold\" href=\"#\">Como funciona?<\/a>\r\n                            <div class=\"uk-accordion-content\"><p>A metodologia mescla aulas te\u00f3ricas, viv\u00eancias em grupo, supervis\u00e3o cl\u00ednica\/institucional e pr\u00e1tica comunit\u00e1ria.<\/p><\/div>\r\n                        <\/li>\r\n                        <li>\r\n                            <a class=\"uk-accordion-title uk-text-bold\" href=\"#\">Onde acontece?<\/a>\r\n                            <div class=\"uk-accordion-content\"><p>As atividades s\u00e3o realizadas na sede da SOPSP, com possibilidade de inser\u00e7\u00f5es pr\u00e1ticas em equipamentos parceiros, como o Centro Cultural S\u00e3o Paulo.<\/p><\/div>\r\n                        <\/li>\r\n                        <li>\r\n                            <a class=\"uk-accordion-title uk-text-bold\" href=\"#\">Como demonstrar interesse?<\/a>\r\n                            <div class=\"uk-accordion-content\"><p>Basta preencher o formul\u00e1rio ao lado ou contactar-nos diretamente pelos nossos canais de atendimento.<\/p><\/div>\r\n                        <\/li>\r\n                    <\/ul>\r\n                <\/div>\r\n\r\n                <div class=\"uk-width-1-2@m\">\r\n                    <div class=\"uk-card uk-card-default uk-card-body\" style=\"border-radius: 12px; box-shadow: 12px 12px 40px rgba(0,0,0,0.1);\">\r\n                        <h3 class=\"uk-card-title uk-text-bold\">Fila de Interesse<\/h3>\r\n                        <p class=\"uk-text-small uk-text-muted\">Preencha os dados abaixo para receber os detalhes da pr\u00f3xima turma.<\/p>\r\n                        \r\n                        <form class=\"uk-form-stacked uk-margin-top\">\r\n                            <div class=\"uk-margin\">\r\n                                <label class=\"uk-form-label uk-text-bold\">Nome<\/label>\r\n                                <div class=\"uk-form-controls\"><input class=\"uk-input\" type=\"text\" placeholder=\"Seu nome completo\"><\/div>\r\n                            <\/div>\r\n                            <div class=\"uk-margin\">\r\n                                <label class=\"uk-form-label uk-text-bold\">E-mail<\/label>\r\n                                <div class=\"uk-form-controls\"><input class=\"uk-input\" type=\"email\" placeholder=\"seu@email.com\"><\/div>\r\n                            <\/div>\r\n                            <div class=\"uk-grid-small\" uk-grid>\r\n                                <div class=\"uk-width-1-2@s\">\r\n                                    <label class=\"uk-form-label uk-text-bold\">WhatsApp<\/label>\r\n                                    <input class=\"uk-input\" type=\"text\" placeholder=\"(11) 90000-0000\">\r\n                                <\/div>\r\n                                <div class=\"uk-width-1-2@s\">\r\n                                    <label class=\"uk-form-label uk-text-bold\">\u00c1rea de Atua\u00e7\u00e3o<\/label>\r\n                                    <input class=\"uk-input\" type=\"text\" placeholder=\"Ex: Psicologia, RH, Educa\u00e7\u00e3o...\">\r\n                                <\/div>\r\n                            <\/div>\r\n                            <div class=\"uk-margin\">\r\n                                <label class=\"uk-form-label uk-text-bold\">Mensagem (Opcional)<\/label>\r\n                                <div class=\"uk-form-controls\"><textarea class=\"uk-textarea\" rows=\"3\" placeholder=\"Gostaria de saber mais sobre...\"><\/textarea><\/div>\r\n                            <\/div>\r\n                            <button class=\"uk-button uk-button-primary uk-width-1-1 uk-margin-top\" style=\"border-radius: 8px;\">Enviar Interesse<\/button>\r\n                        <\/form>\r\n                    <\/div>\r\n                <\/div>\r\n                \r\n            <\/div>\r\n        <\/div>\r\n    <\/section>\r\n\r\n    <section class=\"uk-section uk-section-medium bg-black uk-text-center\">\r\n        <div class=\"uk-container\">\r\n            <h2 class=\"uk-h2 uk-text-bold\" style=\"color: white;\">Quero receber informa\u00e7\u00f5es sobre a forma\u00e7\u00e3o<\/h2>\r\n            <a href=\"#interesse\" class=\"uk-button uk-button-primary uk-margin-top\">Garantir Meu Lugar<\/a>\r\n        <\/div>\r\n    <\/section>\r\n\r\n    <footer class=\"bg-black uk-section uk-section-small\" style=\"border-top: 1px solid #333;\">\r\n        <div class=\"uk-container uk-text-center\">\r\n            <p class=\"uk-margin-remove\" style=\"color: #777;\">\u00a9 2026 SOPSP - Sociedade de Psicodrama de S\u00e3o Paulo. Todos os direitos reservados.<\/p>\r\n        <\/div>\r\n    <\/footer>\r\n\r\n<\/body>\r\n<\/html>\t\t\t\t<\/div>\n\t\t\t\t<\/div>\n\t\t\t\t<\/div>\n\t\t\t\t<\/div>\n\t\t","protected":false},"excerpt":{"rendered":"<p>Forma\u00e7\u00e3o em Psicodrama &#8211; SOPSP Forma\u00e7\u00e3o em Psicodrama na SOPSP Desenvolva a sua capacidade de transformar rela\u00e7\u00f5es humanas. Junte-se a uma tradi\u00e7\u00e3o de excel\u00eancia cl\u00ednica e socion\u00f4mica. Demonstrar Interesse Para quem \u00e9 a forma\u00e7\u00e3o? div; delay: 100;&#8221;> Psic\u00f3logos Aprimoramento cl\u00ednico com metodologias ativas. Sa\u00fade Profissionais buscando humaniza\u00e7\u00e3o e manejo grupal. Educa\u00e7\u00e3o Educadores focados em processos [&hellip;]<\/p>\n","protected":false},"author":1,"featured_media":0,"parent":0,"menu_order":0,"comment_status":"closed","ping_status":"closed","template":"elementor_header_footer","meta":{"footnotes":""},"class_list":["post-34","page","type-page","status-publish","hentry"],"yoast_head":"<!-- This site is optimized with the Yoast SEO plugin v27.3 - https:\/\/yoast.com\/product\/yoast-seo-wordpress\/ -->\n<title>Forma\u00e7\u00e3o - Sopsp<\/title>\n<meta name=\"robots\" content=\"index, follow, max-snippet:-1, max-image-preview:large, max-video-preview:-1\" \/>\n<link rel=\"canonical\" href=\"https:\/\/sopsp.org.br\/?page_id=34\" \/>\n<meta property=\"og:locale\" content=\"pt_BR\" \/>\n<meta property=\"og:type\" content=\"article\" \/>\n<meta property=\"og:title\" content=\"Forma\u00e7\u00e3o - Sopsp\" \/>\n<meta property=\"og:description\" content=\"Forma\u00e7\u00e3o em Psicodrama &#8211; SOPSP Forma\u00e7\u00e3o em Psicodrama na SOPSP Desenvolva a sua capacidade de transformar rela\u00e7\u00f5es humanas. Junte-se a uma tradi\u00e7\u00e3o de excel\u00eancia cl\u00ednica e socion\u00f4mica. Demonstrar Interesse Para quem \u00e9 a forma\u00e7\u00e3o? div; delay: 100;&#8221;&gt; Psic\u00f3logos Aprimoramento cl\u00ednico com metodologias ativas. Sa\u00fade Profissionais buscando humaniza\u00e7\u00e3o e manejo grupal. Educa\u00e7\u00e3o Educadores focados em processos [&hellip;]\" \/>\n<meta property=\"og:url\" content=\"https:\/\/sopsp.org.br\/?page_id=34\" \/>\n<meta property=\"og:site_name\" content=\"Sopsp\" \/>\n<meta property=\"article:modified_time\" content=\"2026-04-13T15:09:44+00:00\" \/>\n<meta name=\"twitter:card\" content=\"summary_large_image\" \/>\n<meta name=\"twitter:label1\" content=\"Est. tempo de leitura\" \/>\n\t<meta name=\"twitter:data1\" content=\"2 minutos\" \/>\n<script type=\"application\/ld+json\" class=\"yoast-schema-graph\">{\"@context\":\"https:\\\/\\\/schema.org\",\"@graph\":[{\"@type\":\"WebPage\",\"@id\":\"https:\\\/\\\/sopsp.org.br\\\/?page_id=34\",\"url\":\"https:\\\/\\\/sopsp.org.br\\\/?page_id=34\",\"name\":\"Forma\u00e7\u00e3o - Sopsp\",\"isPartOf\":{\"@id\":\"https:\\\/\\\/sopsp.org.br\\\/#website\"},\"datePublished\":\"2026-04-13T15:07:48+00:00\",\"dateModified\":\"2026-04-13T15:09:44+00:00\",\"breadcrumb\":{\"@id\":\"https:\\\/\\\/sopsp.org.br\\\/?page_id=34#breadcrumb\"},\"inLanguage\":\"pt-BR\",\"potentialAction\":[{\"@type\":\"ReadAction\",\"target\":[\"https:\\\/\\\/sopsp.org.br\\\/?page_id=34\"]}]},{\"@type\":\"BreadcrumbList\",\"@id\":\"https:\\\/\\\/sopsp.org.br\\\/?page_id=34#breadcrumb\",\"itemListElement\":[{\"@type\":\"ListItem\",\"position\":1,\"name\":\"Home\",\"item\":\"https:\\\/\\\/sopsp.org.br\\\/\"},{\"@type\":\"ListItem\",\"position\":2,\"name\":\"Forma\u00e7\u00e3o\"}]},{\"@type\":\"WebSite\",\"@id\":\"https:\\\/\\\/sopsp.org.br\\\/#website\",\"url\":\"https:\\\/\\\/sopsp.org.br\\\/\",\"name\":\"Sopsp\",\"description\":\"\",\"potentialAction\":[{\"@type\":\"SearchAction\",\"target\":{\"@type\":\"EntryPoint\",\"urlTemplate\":\"https:\\\/\\\/sopsp.org.br\\\/?s={search_term_string}\"},\"query-input\":{\"@type\":\"PropertyValueSpecification\",\"valueRequired\":true,\"valueName\":\"search_term_string\"}}],\"inLanguage\":\"pt-BR\"}]}<\/script>\n<!-- \/ Yoast SEO plugin. -->","yoast_head_json":{"title":"Forma\u00e7\u00e3o - Sopsp","robots":{"index":"index","follow":"follow","max-snippet":"max-snippet:-1","max-image-preview":"max-image-preview:large","max-video-preview":"max-video-preview:-1"},"canonical":"https:\/\/sopsp.org.br\/?page_id=34","og_locale":"pt_BR","og_type":"article","og_title":"Forma\u00e7\u00e3o - Sopsp","og_description":"Forma\u00e7\u00e3o em Psicodrama &#8211; SOPSP Forma\u00e7\u00e3o em Psicodrama na SOPSP Desenvolva a sua capacidade de transformar rela\u00e7\u00f5es humanas. Junte-se a uma tradi\u00e7\u00e3o de excel\u00eancia cl\u00ednica e socion\u00f4mica. Demonstrar Interesse Para quem \u00e9 a forma\u00e7\u00e3o? div; delay: 100;&#8221;> Psic\u00f3logos Aprimoramento cl\u00ednico com metodologias ativas. Sa\u00fade Profissionais buscando humaniza\u00e7\u00e3o e manejo grupal. Educa\u00e7\u00e3o Educadores focados em processos [&hellip;]","og_url":"https:\/\/sopsp.org.br\/?page_id=34","og_site_name":"Sopsp","article_modified_time":"2026-04-13T15:09:44+00:00","twitter_card":"summary_large_image","twitter_misc":{"Est. tempo de leitura":"2 minutos"},"schema":{"@context":"https:\/\/schema.org","@graph":[{"@type":"WebPage","@id":"https:\/\/sopsp.org.br\/?page_id=34","url":"https:\/\/sopsp.org.br\/?page_id=34","name":"Forma\u00e7\u00e3o - Sopsp","isPartOf":{"@id":"https:\/\/sopsp.org.br\/#website"},"datePublished":"2026-04-13T15:07:48+00:00","dateModified":"2026-04-13T15:09:44+00:00","breadcrumb":{"@id":"https:\/\/sopsp.org.br\/?page_id=34#breadcrumb"},"inLanguage":"pt-BR","potentialAction":[{"@type":"ReadAction","target":["https:\/\/sopsp.org.br\/?page_id=34"]}]},{"@type":"BreadcrumbList","@id":"https:\/\/sopsp.org.br\/?page_id=34#breadcrumb","itemListElement":[{"@type":"ListItem","position":1,"name":"Home","item":"https:\/\/sopsp.org.br\/"},{"@type":"ListItem","position":2,"name":"Forma\u00e7\u00e3o"}]},{"@type":"WebSite","@id":"https:\/\/sopsp.org.br\/#website","url":"https:\/\/sopsp.org.br\/","name":"Sopsp","description":"","potentialAction":[{"@type":"SearchAction","target":{"@type":"EntryPoint","urlTemplate":"https:\/\/sopsp.org.br\/?s={search_term_string}"},"query-input":{"@type":"PropertyValueSpecification","valueRequired":true,"valueName":"search_term_string"}}],"inLanguage":"pt-BR"}]}},"_links":{"self":[{"href":"https:\/\/sopsp.org.br\/index.php?rest_route=\/wp\/v2\/pages\/34","targetHints":{"allow":["GET"]}}],"collection":[{"href":"https:\/\/sopsp.org.br\/index.php?rest_route=\/wp\/v2\/pages"}],"about":[{"href":"https:\/\/sopsp.org.br\/index.php?rest_route=\/wp\/v2\/types\/page"}],"author":[{"embeddable":true,"href":"https:\/\/sopsp.org.br\/index.php?rest_route=\/wp\/v2\/users\/1"}],"replies":[{"embeddable":true,"href":"https:\/\/sopsp.org.br\/index.php?rest_route=%2Fwp%2Fv2%2Fcomments&post=34"}],"version-history":[{"count":7,"href":"https:\/\/sopsp.org.br\/index.php?rest_route=\/wp\/v2\/pages\/34\/revisions"}],"predecessor-version":[{"id":45,"href":"https:\/\/sopsp.org.br\/index.php?rest_route=\/wp\/v2\/pages\/34\/revisions\/45"}],"wp:attachment":[{"href":"https:\/\/sopsp.org.br\/index.php?rest_route=%2Fwp%2Fv2%2Fmedia&parent=34"}],"curies":[{"name":"wp","href":"https:\/\/api.w.org\/{rel}","templated":true}]}}