{"id":46,"date":"2026-04-13T12:11:16","date_gmt":"2026-04-13T15:11:16","guid":{"rendered":"https:\/\/sopsp.org.br\/?page_id=46"},"modified":"2026-04-13T12:23:42","modified_gmt":"2026-04-13T15:23:42","slug":"diretoria","status":"publish","type":"page","link":"https:\/\/sopsp.org.br\/?page_id=46","title":{"rendered":"Diretoria"},"content":{"rendered":"\t\t<div data-elementor-type=\"wp-page\" data-elementor-id=\"46\" class=\"elementor elementor-46\" data-elementor-post-type=\"page\">\n\t\t\t\t<div class=\"elementor-element elementor-element-7d4a56e e-con-full e-flex e-con e-parent\" data-id=\"7d4a56e\" data-element_type=\"container\" data-e-type=\"container\">\n\t\t\t\t<div class=\"elementor-element elementor-element-3365e7e elementor-widget elementor-widget-html\" data-id=\"3365e7e\" data-element_type=\"widget\" data-e-type=\"widget\" data-widget_type=\"html.default\">\n\t\t\t\t<div class=\"elementor-widget-container\">\n\t\t\t\t\t<!DOCTYPE html>\r\n<html lang=\"pt-BR\">\r\n<head>\r\n    <meta charset=\"UTF-8\">\r\n    <meta name=\"viewport\" content=\"width=device-width, initial-scale=1.0\">\r\n    <title>Diretoria e Governan\u00e7a - SOPSP<\/title>\r\n    \r\n    <link rel=\"stylesheet\" href=\"https:\/\/cdn.jsdelivr.net\/npm\/uikit@3.16.22\/dist\/css\/uikit.min.css\" \/>\r\n    <script src=\"https:\/\/cdn.jsdelivr.net\/npm\/uikit@3.16.22\/dist\/js\/uikit.min.js\"><\/script>\r\n    <script src=\"https:\/\/cdn.jsdelivr.net\/npm\/uikit@3.16.22\/dist\/js\/uikit-icons.min.js\"><\/script>\r\n\r\n    <link rel=\"preconnect\" href=\"https:\/\/fonts.googleapis.com\">\r\n    <link rel=\"preconnect\" href=\"https:\/\/fonts.gstatic.com\" crossorigin>\r\n    <link href=\"https:\/\/fonts.googleapis.com\/css2?family=Funnel+Display:wght@300;400;500;600;700;800&display=swap\" rel=\"stylesheet\">\r\n\r\n    <style>\r\n        :root {\r\n            --color-primary: #D32F2F; \r\n            --color-primary-hover: #9A0007;\r\n            --color-black: #000000;\r\n            --color-black-hover: #1A1A1A;\r\n            --color-white: #FFFFFF;\r\n            --color-gray-light: #F5F5F5;\r\n            --color-text-dark: #222222;\r\n        }\r\n\r\n        body {\r\n            font-family: 'Funnel Display', sans-serif;\r\n            color: var(--color-text-dark);\r\n            background-color: var(--color-white);\r\n        }\r\n\r\n        \/* Utilit\u00e1rios *\/\r\n        .bg-black { background-color: var(--color-black); color: var(--color-white); }\r\n        .bg-gray { background-color: var(--color-gray-light); }\r\n        .text-primary { color: var(--color-primary) !important; }\r\n\r\n        \/* Gradientes *\/\r\n        .bg-gradient-red {\r\n            background: linear-gradient(135deg, var(--color-primary) 0%, #8B0000 100%);\r\n            color: var(--color-white);\r\n        }\r\n\r\n        \/* Bot\u00f5es *\/\r\n        .uk-button-primary {\r\n            background-color: var(--color-primary);\r\n            color: var(--color-white);\r\n            border-radius: 9999px;\r\n            text-transform: uppercase;\r\n            font-weight: 700;\r\n            padding: 10px 40px;\r\n            border: none;\r\n            transition: 0.4s all ease-in-out;\r\n            box-shadow: 6px 6px 9px rgba(0, 0, 0, 0.15);\r\n        }\r\n        .uk-button-primary:hover {\r\n            background-color: var(--color-primary-hover);\r\n            color: var(--color-white);\r\n        }\r\n\r\n        .uk-button-secondary {\r\n            background-color: var(--color-black);\r\n            color: var(--color-white);\r\n            border-radius: 9999px;\r\n            text-transform: uppercase;\r\n            font-weight: 700;\r\n            padding: 10px 40px;\r\n            border: none;\r\n            transition: 0.4s all ease-in-out;\r\n        }\r\n        .uk-button-secondary:hover {\r\n            background-color: var(--color-primary);\r\n            color: var(--color-white);\r\n        }\r\n\r\n        \/* Navbar Customizada *\/\r\n        .uk-navbar-container { background-color: var(--color-black) !important; }\r\n        .uk-navbar-nav > li > a {\r\n            color: var(--color-white) !important;\r\n            font-weight: 600;\r\n            text-transform: uppercase;\r\n            transition: 0.4s all;\r\n            font-size: 14px;\r\n        }\r\n        .uk-navbar-nav > li > a:hover, .uk-navbar-nav > li.uk-active > a { color: var(--color-primary) !important; }\r\n\r\n        \/* Cards da Diretoria *\/\r\n        .card-diretoria {\r\n            border-radius: 12px;\r\n            box-shadow: 6px 6px 15px rgba(0,0,0,0.05);\r\n            transition: 0.3s all;\r\n            background: var(--color-white);\r\n            padding: 30px 20px;\r\n            border-top: 4px solid var(--color-primary);\r\n        }\r\n        .card-diretoria:hover {\r\n            transform: translateY(-5px);\r\n            box-shadow: 12px 12px 30px rgba(0,0,0,0.1);\r\n        }\r\n        .foto-perfil {\r\n            width: 120px;\r\n            height: 120px;\r\n            background-color: var(--color-gray-light);\r\n            border: 3px solid var(--color-primary);\r\n            margin: 0 auto;\r\n            object-fit: cover;\r\n        }\r\n    <\/style>\r\n<\/head>\r\n<body>\r\n\r\n  \r\n\r\n    <section class=\"uk-section uk-section-large bg-gray\">\r\n        <div class=\"uk-container uk-text-center\" uk-scrollspy=\"cls: uk-animation-fade; delay: 200;\">\r\n            <h1 class=\"uk-heading-small uk-text-bold text-primary\">A Nossa Governan\u00e7a<\/h1>\r\n            <p class=\"uk-text-large uk-margin-medium-top\" style=\"max-width: 800px; margin-left: auto; margin-right: auto;\">\r\n                Conhe\u00e7a as pessoas que dedicam o seu conhecimento e trabalho para manter vivo o legado da SOPSP e conduzir a nossa institui\u00e7\u00e3o para o futuro com \u00e9tica, transpar\u00eancia e compromisso socion\u00f4mico.\r\n            <\/p>\r\n        <\/div>\r\n    <\/section>\r\n\r\n    <section class=\"uk-section uk-section-large\">\r\n        <div class=\"uk-container\">\r\n            <h2 class=\"uk-h2 uk-text-bold uk-text-center uk-margin-large-bottom\">Diretoria Atual<\/h2>\r\n            \r\n            <div class=\"uk-child-width-1-2@s uk-child-width-1-3@m\" uk-grid uk-scrollspy=\"cls: uk-animation-slide-bottom; target: > div; delay: 100;\">\r\n                \r\n                <div>\r\n                    <div class=\"card-diretoria uk-text-center\">\r\n                        <div class=\"uk-border-circle foto-perfil\"><\/div>\r\n                        <h4 class=\"uk-margin-top uk-text-bold uk-margin-remove-bottom\">Thamiris Felipe Rosa<\/h4>\r\n                        <p class=\"uk-text-bold text-primary uk-margin-remove-top\">Presidente<\/p>\r\n                        <p class=\"uk-text-small uk-text-muted\">[Mini biografia sobre a atua\u00e7\u00e3o e a liga\u00e7\u00e3o com o Psicodrama.]<\/p>\r\n                    <\/div>\r\n                <\/div>\r\n\r\n                <div>\r\n                    <div class=\"card-diretoria uk-text-center\">\r\n                        <div class=\"uk-border-circle foto-perfil\"><\/div>\r\n                        <h4 class=\"uk-margin-top uk-text-bold uk-margin-remove-bottom\">Daniela Aparecida Cardoso da Silva<\/h4>\r\n                        <p class=\"uk-text-bold text-primary uk-margin-remove-top\">Vice-presidente<\/p>\r\n                        <p class=\"uk-text-small uk-text-muted\">[Mini biografia sobre a atua\u00e7\u00e3o e a liga\u00e7\u00e3o com o Psicodrama.]<\/p>\r\n                    <\/div>\r\n                <\/div>\r\n\r\n                <div>\r\n                    <div class=\"card-diretoria uk-text-center\">\r\n                        <div class=\"uk-border-circle foto-perfil\"><\/div>\r\n                        <h4 class=\"uk-margin-top uk-text-bold uk-margin-remove-bottom\">Giovana Aparecida Amaral dos Santos<\/h4>\r\n                        <p class=\"uk-text-bold text-primary uk-margin-remove-top\">Tesoureira<\/p>\r\n                        <p class=\"uk-text-small uk-text-muted\">[Mini biografia sobre a atua\u00e7\u00e3o e a liga\u00e7\u00e3o com o Psicodrama.]<\/p>\r\n                    <\/div>\r\n                <\/div>\r\n\r\n                <div>\r\n                    <div class=\"card-diretoria uk-text-center\">\r\n                        <div class=\"uk-border-circle foto-perfil\"><\/div>\r\n                        <h4 class=\"uk-margin-top uk-text-bold uk-margin-remove-bottom\">Thayse Elis Salvalagio<\/h4>\r\n                        <p class=\"uk-text-bold text-primary uk-margin-remove-top\">Secret\u00e1ria<\/p>\r\n                        <p class=\"uk-text-small uk-text-muted\">[Mini biografia sobre a atua\u00e7\u00e3o e a liga\u00e7\u00e3o com o Psicodrama.]<\/p>\r\n                    <\/div>\r\n                <\/div>\r\n\r\n                <div>\r\n                    <div class=\"card-diretoria uk-text-center\">\r\n                        <div class=\"uk-border-circle foto-perfil\"><\/div>\r\n                        <h4 class=\"uk-margin-top uk-text-bold uk-margin-remove-bottom\">Duda<\/h4>\r\n                        <p class=\"uk-text-bold text-primary uk-margin-remove-top\">Comunica\u00e7\u00e3o<\/p>\r\n                        <p class=\"uk-text-small uk-text-muted\">[Mini biografia sobre a atua\u00e7\u00e3o e a liga\u00e7\u00e3o com o Psicodrama.]<\/p>\r\n                    <\/div>\r\n                <\/div>\r\n\r\n                <div>\r\n                    <div class=\"card-diretoria uk-text-center\">\r\n                        <div class=\"uk-border-circle foto-perfil\"><\/div>\r\n                        <h4 class=\"uk-margin-top uk-text-bold uk-margin-remove-bottom\">Eliana Carla Kobori<\/h4>\r\n                        <p class=\"uk-text-bold text-primary uk-margin-remove-top\">Suplente<\/p>\r\n                        <p class=\"uk-text-small uk-text-muted\">[Mini biografia sobre a atua\u00e7\u00e3o e a liga\u00e7\u00e3o com o Psicodrama.]<\/p>\r\n                    <\/div>\r\n                <\/div>\r\n\r\n            <\/div>\r\n        <\/div>\r\n    <\/section>\r\n\r\n    <section class=\"uk-section uk-section-large bg-black\">\r\n        <div class=\"uk-container uk-text-center\" uk-scrollspy=\"cls: uk-animation-fade; delay: 150;\">\r\n            <h2 class=\"uk-h2 uk-text-bold text-primary\">Conselho Consultivo<\/h2>\r\n            <p class=\"uk-text-large\" style=\"color: #ccc; max-width: 700px; margin: 0 auto 40px auto;\">\r\n                Um espa\u00e7o s\u00f3brio de orienta\u00e7\u00e3o, \u00e9tica e sabedoria, formado por profissionais com vasto hist\u00f3rico de dedica\u00e7\u00e3o \u00e0 SOPSP.\r\n            <\/p>\r\n            \r\n            <div class=\"uk-child-width-1-2@s uk-child-width-1-4@m uk-grid-divider\" uk-grid style=\"color: white;\">\r\n                <div>\r\n                    <h5 class=\"uk-text-bold uk-margin-remove-bottom\" style=\"color: white;\">[Nome do Conselheiro]<\/h5>\r\n                    <p class=\"uk-text-small uk-text-muted uk-margin-remove-top\">Membro do Conselho<\/p>\r\n                <\/div>\r\n                <div>\r\n                    <h5 class=\"uk-text-bold uk-margin-remove-bottom\" style=\"color: white;\">[Nome do Conselheiro]<\/h5>\r\n                    <p class=\"uk-text-small uk-text-muted uk-margin-remove-top\">Membro do Conselho<\/p>\r\n                <\/div>\r\n                <div>\r\n                    <h5 class=\"uk-text-bold uk-margin-remove-bottom\" style=\"color: white;\">[Nome do Conselheiro]<\/h5>\r\n                    <p class=\"uk-text-small uk-text-muted uk-margin-remove-top\">Membro do Conselho<\/p>\r\n                <\/div>\r\n                <div>\r\n                    <h5 class=\"uk-text-bold uk-margin-remove-bottom\" style=\"color: white;\">[Nome do Conselheiro]<\/h5>\r\n                    <p class=\"uk-text-small uk-text-muted uk-margin-remove-top\">Membro do Conselho<\/p>\r\n                <\/div>\r\n            <\/div>\r\n        <\/div>\r\n    <\/section>\r\n\r\n    <section class=\"bg-gradient-red uk-section uk-section-medium uk-text-center\">\r\n        <div class=\"uk-container\">\r\n            <h2 class=\"uk-h2 uk-text-bold\" style=\"color: white;\">Precisa de falar com a nossa equipa?<\/h2>\r\n            <p class=\"uk-text-large uk-margin-medium-bottom\" style=\"color: rgba(255,255,255,0.9);\">\r\n                A SOPSP est\u00e1 de portas abertas para ouvir, colaborar e integrar novos membros \u00e0 nossa comunidade.\r\n            <\/p>\r\n            <a href=\"contato.html\" class=\"uk-button uk-button-secondary\" style=\"background: var(--color-black); color: white;\">Entrar em Contato<\/a>\r\n        <\/div>\r\n    <\/section>\r\n\r\n    <footer class=\"bg-black uk-section uk-section-small\" style=\"border-top: 1px solid #333;\">\r\n        <div class=\"uk-container uk-text-center\">\r\n            <p class=\"uk-margin-remove\" style=\"color: #777;\">\u00a9 2026 SOPSP - Sociedade de Psicodrama de S\u00e3o Paulo. Todos os direitos reservados.<\/p>\r\n        <\/div>\r\n    <\/footer>\r\n\r\n<\/body>\r\n<\/html>\t\t\t\t<\/div>\n\t\t\t\t<\/div>\n\t\t\t\t<\/div>\n\t\t\t\t<\/div>\n\t\t","protected":false},"excerpt":{"rendered":"<p>Diretoria e Governan\u00e7a &#8211; SOPSP A Nossa Governan\u00e7a Conhe\u00e7a as pessoas que dedicam o seu conhecimento e trabalho para manter vivo o legado da SOPSP e conduzir a nossa institui\u00e7\u00e3o para o futuro com \u00e9tica, transpar\u00eancia e compromisso socion\u00f4mico. Diretoria Atual div; delay: 100;&#8221;> Thamiris Felipe Rosa Presidente [Mini biografia sobre a atua\u00e7\u00e3o e a [&hellip;]<\/p>\n","protected":false},"author":1,"featured_media":0,"parent":0,"menu_order":0,"comment_status":"closed","ping_status":"closed","template":"elementor_header_footer","meta":{"footnotes":""},"class_list":["post-46","page","type-page","status-publish","hentry"],"yoast_head":"<!-- This site is optimized with the Yoast SEO plugin v27.3 - https:\/\/yoast.com\/product\/yoast-seo-wordpress\/ -->\n<title>Diretoria - Sopsp<\/title>\n<meta name=\"robots\" content=\"index, follow, max-snippet:-1, max-image-preview:large, max-video-preview:-1\" \/>\n<link rel=\"canonical\" href=\"https:\/\/sopsp.org.br\/?page_id=46\" \/>\n<meta property=\"og:locale\" content=\"pt_BR\" \/>\n<meta property=\"og:type\" content=\"article\" \/>\n<meta property=\"og:title\" content=\"Diretoria - Sopsp\" \/>\n<meta property=\"og:description\" content=\"Diretoria e Governan\u00e7a &#8211; SOPSP A Nossa Governan\u00e7a Conhe\u00e7a as pessoas que dedicam o seu conhecimento e trabalho para manter vivo o legado da SOPSP e conduzir a nossa institui\u00e7\u00e3o para o futuro com \u00e9tica, transpar\u00eancia e compromisso socion\u00f4mico. Diretoria Atual div; delay: 100;&#8221;&gt; Thamiris Felipe Rosa Presidente [Mini biografia sobre a atua\u00e7\u00e3o e a [&hellip;]\" \/>\n<meta property=\"og:url\" content=\"https:\/\/sopsp.org.br\/?page_id=46\" \/>\n<meta property=\"og:site_name\" content=\"Sopsp\" \/>\n<meta property=\"article:modified_time\" content=\"2026-04-13T15:23:42+00:00\" \/>\n<meta name=\"twitter:card\" content=\"summary_large_image\" \/>\n<meta name=\"twitter:label1\" content=\"Est. tempo de leitura\" \/>\n\t<meta name=\"twitter:data1\" content=\"2 minutos\" \/>\n<script type=\"application\/ld+json\" class=\"yoast-schema-graph\">{\"@context\":\"https:\\\/\\\/schema.org\",\"@graph\":[{\"@type\":\"WebPage\",\"@id\":\"https:\\\/\\\/sopsp.org.br\\\/?page_id=46\",\"url\":\"https:\\\/\\\/sopsp.org.br\\\/?page_id=46\",\"name\":\"Diretoria - Sopsp\",\"isPartOf\":{\"@id\":\"https:\\\/\\\/sopsp.org.br\\\/#website\"},\"datePublished\":\"2026-04-13T15:11:16+00:00\",\"dateModified\":\"2026-04-13T15:23:42+00:00\",\"breadcrumb\":{\"@id\":\"https:\\\/\\\/sopsp.org.br\\\/?page_id=46#breadcrumb\"},\"inLanguage\":\"pt-BR\",\"potentialAction\":[{\"@type\":\"ReadAction\",\"target\":[\"https:\\\/\\\/sopsp.org.br\\\/?page_id=46\"]}]},{\"@type\":\"BreadcrumbList\",\"@id\":\"https:\\\/\\\/sopsp.org.br\\\/?page_id=46#breadcrumb\",\"itemListElement\":[{\"@type\":\"ListItem\",\"position\":1,\"name\":\"Home\",\"item\":\"https:\\\/\\\/sopsp.org.br\\\/\"},{\"@type\":\"ListItem\",\"position\":2,\"name\":\"Diretoria\"}]},{\"@type\":\"WebSite\",\"@id\":\"https:\\\/\\\/sopsp.org.br\\\/#website\",\"url\":\"https:\\\/\\\/sopsp.org.br\\\/\",\"name\":\"Sopsp\",\"description\":\"\",\"potentialAction\":[{\"@type\":\"SearchAction\",\"target\":{\"@type\":\"EntryPoint\",\"urlTemplate\":\"https:\\\/\\\/sopsp.org.br\\\/?s={search_term_string}\"},\"query-input\":{\"@type\":\"PropertyValueSpecification\",\"valueRequired\":true,\"valueName\":\"search_term_string\"}}],\"inLanguage\":\"pt-BR\"}]}<\/script>\n<!-- \/ Yoast SEO plugin. -->","yoast_head_json":{"title":"Diretoria - Sopsp","robots":{"index":"index","follow":"follow","max-snippet":"max-snippet:-1","max-image-preview":"max-image-preview:large","max-video-preview":"max-video-preview:-1"},"canonical":"https:\/\/sopsp.org.br\/?page_id=46","og_locale":"pt_BR","og_type":"article","og_title":"Diretoria - Sopsp","og_description":"Diretoria e Governan\u00e7a &#8211; SOPSP A Nossa Governan\u00e7a Conhe\u00e7a as pessoas que dedicam o seu conhecimento e trabalho para manter vivo o legado da SOPSP e conduzir a nossa institui\u00e7\u00e3o para o futuro com \u00e9tica, transpar\u00eancia e compromisso socion\u00f4mico. Diretoria Atual div; delay: 100;&#8221;> Thamiris Felipe Rosa Presidente [Mini biografia sobre a atua\u00e7\u00e3o e a [&hellip;]","og_url":"https:\/\/sopsp.org.br\/?page_id=46","og_site_name":"Sopsp","article_modified_time":"2026-04-13T15:23:42+00:00","twitter_card":"summary_large_image","twitter_misc":{"Est. tempo de leitura":"2 minutos"},"schema":{"@context":"https:\/\/schema.org","@graph":[{"@type":"WebPage","@id":"https:\/\/sopsp.org.br\/?page_id=46","url":"https:\/\/sopsp.org.br\/?page_id=46","name":"Diretoria - Sopsp","isPartOf":{"@id":"https:\/\/sopsp.org.br\/#website"},"datePublished":"2026-04-13T15:11:16+00:00","dateModified":"2026-04-13T15:23:42+00:00","breadcrumb":{"@id":"https:\/\/sopsp.org.br\/?page_id=46#breadcrumb"},"inLanguage":"pt-BR","potentialAction":[{"@type":"ReadAction","target":["https:\/\/sopsp.org.br\/?page_id=46"]}]},{"@type":"BreadcrumbList","@id":"https:\/\/sopsp.org.br\/?page_id=46#breadcrumb","itemListElement":[{"@type":"ListItem","position":1,"name":"Home","item":"https:\/\/sopsp.org.br\/"},{"@type":"ListItem","position":2,"name":"Diretoria"}]},{"@type":"WebSite","@id":"https:\/\/sopsp.org.br\/#website","url":"https:\/\/sopsp.org.br\/","name":"Sopsp","description":"","potentialAction":[{"@type":"SearchAction","target":{"@type":"EntryPoint","urlTemplate":"https:\/\/sopsp.org.br\/?s={search_term_string}"},"query-input":{"@type":"PropertyValueSpecification","valueRequired":true,"valueName":"search_term_string"}}],"inLanguage":"pt-BR"}]}},"_links":{"self":[{"href":"https:\/\/sopsp.org.br\/index.php?rest_route=\/wp\/v2\/pages\/46","targetHints":{"allow":["GET"]}}],"collection":[{"href":"https:\/\/sopsp.org.br\/index.php?rest_route=\/wp\/v2\/pages"}],"about":[{"href":"https:\/\/sopsp.org.br\/index.php?rest_route=\/wp\/v2\/types\/page"}],"author":[{"embeddable":true,"href":"https:\/\/sopsp.org.br\/index.php?rest_route=\/wp\/v2\/users\/1"}],"replies":[{"embeddable":true,"href":"https:\/\/sopsp.org.br\/index.php?rest_route=%2Fwp%2Fv2%2Fcomments&post=46"}],"version-history":[{"count":6,"href":"https:\/\/sopsp.org.br\/index.php?rest_route=\/wp\/v2\/pages\/46\/revisions"}],"predecessor-version":[{"id":59,"href":"https:\/\/sopsp.org.br\/index.php?rest_route=\/wp\/v2\/pages\/46\/revisions\/59"}],"wp:attachment":[{"href":"https:\/\/sopsp.org.br\/index.php?rest_route=%2Fwp%2Fv2%2Fmedia&parent=46"}],"curies":[{"name":"wp","href":"https:\/\/api.w.org\/{rel}","templated":true}]}}