{"id":64,"date":"2026-04-13T12:21:31","date_gmt":"2026-04-13T15:21:31","guid":{"rendered":"https:\/\/sopsp.org.br\/?page_id=64"},"modified":"2026-04-13T12:23:37","modified_gmt":"2026-04-13T15:23:37","slug":"contato","status":"publish","type":"page","link":"https:\/\/sopsp.org.br\/?page_id=64","title":{"rendered":"Contato"},"content":{"rendered":"\t\t<div data-elementor-type=\"wp-page\" data-elementor-id=\"64\" class=\"elementor elementor-64\" data-elementor-post-type=\"page\">\n\t\t\t\t<div class=\"elementor-element elementor-element-bc21ef2 e-con-full e-flex e-con e-parent\" data-id=\"bc21ef2\" data-element_type=\"container\" data-e-type=\"container\">\n\t\t\t\t<div class=\"elementor-element elementor-element-17a4feb elementor-widget elementor-widget-html\" data-id=\"17a4feb\" data-element_type=\"widget\" data-e-type=\"widget\" data-widget_type=\"html.default\">\n\t\t\t\t<div class=\"elementor-widget-container\">\n\t\t\t\t\t<!DOCTYPE html>\r\n<html lang=\"pt-BR\">\r\n<head>\r\n    <meta charset=\"UTF-8\">\r\n    <meta name=\"viewport\" content=\"width=device-width, initial-scale=1.0\">\r\n    <title>Contato - SOPSP<\/title>\r\n    \r\n    <link rel=\"stylesheet\" href=\"https:\/\/cdn.jsdelivr.net\/npm\/uikit@3.16.22\/dist\/css\/uikit.min.css\" \/>\r\n    <script src=\"https:\/\/cdn.jsdelivr.net\/npm\/uikit@3.16.22\/dist\/js\/uikit.min.js\"><\/script>\r\n    <script src=\"https:\/\/cdn.jsdelivr.net\/npm\/uikit@3.16.22\/dist\/js\/uikit-icons.min.js\"><\/script>\r\n\r\n    <link rel=\"preconnect\" href=\"https:\/\/fonts.googleapis.com\">\r\n    <link rel=\"preconnect\" href=\"https:\/\/fonts.gstatic.com\" crossorigin>\r\n    <link href=\"https:\/\/fonts.googleapis.com\/css2?family=Funnel+Display:wght@300;400;500;600;700;800&display=swap\" rel=\"stylesheet\">\r\n\r\n    <style>\r\n        :root {\r\n            --color-primary: #D32F2F; \r\n            --color-primary-hover: #9A0007;\r\n            --color-black: #000000;\r\n            --color-black-hover: #1A1A1A;\r\n            --color-white: #FFFFFF;\r\n            --color-gray-light: #F5F5F5;\r\n            --color-text-dark: #222222;\r\n        }\r\n\r\n        body {\r\n            font-family: 'Funnel Display', sans-serif;\r\n            color: var(--color-text-dark);\r\n            background-color: var(--color-white);\r\n        }\r\n\r\n        \/* Utilit\u00e1rios *\/\r\n        .bg-black { background-color: var(--color-black); color: var(--color-white); }\r\n        .bg-gray { background-color: var(--color-gray-light); }\r\n        .text-primary { color: var(--color-primary) !important; }\r\n\r\n        \/* Gradientes *\/\r\n        .bg-gradient-red {\r\n            background: linear-gradient(135deg, var(--color-primary) 0%, #8B0000 100%);\r\n            color: var(--color-white);\r\n        }\r\n        .bg-gradient-black {\r\n            background: linear-gradient(135deg, #000000 0%, #220000 100%);\r\n            color: var(--color-white);\r\n        }\r\n\r\n        \/* Bot\u00f5es *\/\r\n        .uk-button-primary {\r\n            background-color: var(--color-primary);\r\n            color: var(--color-white);\r\n            border-radius: 9999px;\r\n            text-transform: uppercase;\r\n            font-weight: 700;\r\n            padding: 10px 40px;\r\n            border: none;\r\n            transition: 0.4s all ease-in-out;\r\n            box-shadow: 6px 6px 9px rgba(0, 0, 0, 0.15);\r\n        }\r\n        .uk-button-primary:hover {\r\n            background-color: var(--color-primary-hover);\r\n            color: var(--color-white);\r\n        }\r\n\r\n        \/* Navbar Customizada *\/\r\n        .uk-navbar-container { background-color: var(--color-black) !important; }\r\n        .uk-navbar-nav > li > a {\r\n            color: var(--color-white) !important;\r\n            font-weight: 600;\r\n            text-transform: uppercase;\r\n            transition: 0.4s all;\r\n            font-size: 14px;\r\n        }\r\n        .uk-navbar-nav > li > a:hover, .uk-navbar-nav > li.uk-active > a { color: var(--color-primary) !important; }\r\n\r\n        \/* Cards e \u00cdcones de Contato *\/\r\n        .card-contato {\r\n            border: 1px solid #e5e5e5;\r\n            border-radius: 12px;\r\n            background: var(--color-white);\r\n            transition: 0.3s all;\r\n        }\r\n        .card-contato:hover {\r\n            border-color: var(--color-primary);\r\n            box-shadow: 0 10px 30px rgba(211, 47, 47, 0.1);\r\n            transform: translateY(-5px);\r\n        }\r\n        .icon-circle {\r\n            width: 60px;\r\n            height: 60px;\r\n            background-color: var(--color-gray-light);\r\n            border-radius: 50%;\r\n            display: flex;\r\n            align-items: center;\r\n            justify-content: center;\r\n            margin: 0 auto 15px auto;\r\n            color: var(--color-primary);\r\n        }\r\n    <\/style>\r\n<\/head>\r\n<body>\r\n\r\n    \r\n\r\n    <section class=\"bg-gradient-black uk-section uk-section-large uk-text-center\">\r\n        <div class=\"uk-container\" uk-scrollspy=\"cls: uk-animation-slide-bottom; delay: 200;\">\r\n            <h1 class=\"uk-heading-medium uk-text-bold\" style=\"color: white;\">Fale com a SOPSP<\/h1>\r\n            <p class=\"uk-text-large uk-margin-medium-top uk-margin-large-bottom\" style=\"color: #ccc; max-width: 700px; margin-left: auto; margin-right: auto;\">\r\n                Estamos prontos para ouvir, esclarecer d\u00favidas e receber novos membros na nossa comunidade psicodram\u00e1tica.\r\n            <\/p>\r\n            \r\n            <div class=\"uk-child-width-1-1 uk-child-width-1-3@m\" uk-grid>\r\n                <div>\r\n                    <div class=\"uk-card uk-card-body card-contato\">\r\n                        <div class=\"icon-circle\"><span uk-icon=\"icon: mail; ratio: 1.5\"><\/span><\/div>\r\n                        <h4 class=\"uk-text-bold uk-margin-remove-bottom\">E-mail<\/h4>\r\n                        <p class=\"uk-text-muted uk-margin-remove-top\">sopsp@sopsp.org.br<\/p>\r\n                    <\/div>\r\n                <\/div>\r\n                <div>\r\n                    <div class=\"uk-card uk-card-body card-contato\">\r\n                        <div class=\"icon-circle\"><span uk-icon=\"icon: receiver; ratio: 1.5\"><\/span><\/div>\r\n                        <h4 class=\"uk-text-bold uk-margin-remove-bottom\">Telefone \/ WhatsApp<\/h4>\r\n                        <p class=\"uk-text-muted uk-margin-remove-top\">11 94887-4689<\/p>\r\n                    <\/div>\r\n                <\/div>\r\n                <div>\r\n                    <div class=\"uk-card uk-card-body card-contato\">\r\n                        <div class=\"icon-circle\"><span uk-icon=\"icon: instagram; ratio: 1.5\"><\/span><\/div>\r\n                        <h4 class=\"uk-text-bold uk-margin-remove-bottom\">Instagram<\/h4>\r\n                        <p class=\"uk-text-muted uk-margin-remove-top\">@sopsp_psicodrama<\/p>\r\n                    <\/div>\r\n                <\/div>\r\n            <\/div>\r\n        <\/div>\r\n    <\/section>\r\n\r\n    <section class=\"uk-section uk-section-large bg-gray\">\r\n        <div class=\"uk-container\">\r\n            <div class=\"uk-grid-large\" uk-grid>\r\n                \r\n                <div class=\"uk-width-1-2@m\" uk-scrollspy=\"cls: uk-animation-slide-left;\">\r\n                    <div class=\"uk-card uk-card-default uk-card-body\" style=\"border-radius: 12px; box-shadow: 12px 12px 40px rgba(0,0,0,0.1); border-top: 5px solid var(--color-primary);\">\r\n                        <h2 class=\"uk-h2 uk-text-bold text-primary\">Envie-nos uma Mensagem<\/h2>\r\n                        <p class=\"uk-text-small uk-text-muted\">Preencha os campos abaixo e responderemos com a maior brevidade poss\u00edvel.<\/p>\r\n                        \r\n                        <form class=\"uk-form-stacked uk-margin-top\">\r\n                            <div class=\"uk-margin\">\r\n                                <label class=\"uk-form-label uk-text-bold\">Nome Completo<\/label>\r\n                                <div class=\"uk-form-controls\"><input class=\"uk-input\" type=\"text\" placeholder=\"Como devemos cham\u00e1-lo(a)?\"><\/div>\r\n                            <\/div>\r\n                            <div class=\"uk-grid-small\" uk-grid>\r\n                                <div class=\"uk-width-1-2@s\">\r\n                                    <label class=\"uk-form-label uk-text-bold\">E-mail<\/label>\r\n                                    <input class=\"uk-input\" type=\"email\" placeholder=\"seu@email.com\">\r\n                                <\/div>\r\n                                <div class=\"uk-width-1-2@s\">\r\n                                    <label class=\"uk-form-label uk-text-bold\">Telefone<\/label>\r\n                                    <input class=\"uk-input\" type=\"text\" placeholder=\"(11) 90000-0000\">\r\n                                <\/div>\r\n                            <\/div>\r\n                            <div class=\"uk-margin\">\r\n                                <label class=\"uk-form-label uk-text-bold\">Assunto<\/label>\r\n                                <div class=\"uk-form-controls\">\r\n                                    <select class=\"uk-select\">\r\n                                        <option>D\u00favidas sobre a Forma\u00e7\u00e3o<\/option>\r\n                                        <option>Atendimento \/ CAPSI<\/option>\r\n                                        <option>Eventos e Inscri\u00e7\u00f5es<\/option>\r\n                                        <option>Outros assuntos<\/option>\r\n                                    <\/select>\r\n                                <\/div>\r\n                            <\/div>\r\n                            <div class=\"uk-margin\">\r\n                                <label class=\"uk-form-label uk-text-bold\">Mensagem<\/label>\r\n                                <div class=\"uk-form-controls\"><textarea class=\"uk-textarea\" rows=\"4\" placeholder=\"Escreva a sua mensagem aqui...\"><\/textarea><\/div>\r\n                            <\/div>\r\n                            <button class=\"uk-button uk-button-primary uk-width-1-1 uk-margin-top\" style=\"border-radius: 8px;\">Enviar Mensagem<\/button>\r\n                        <\/form>\r\n                    <\/div>\r\n                <\/div>\r\n\r\n                <div class=\"uk-width-1-2@m\" uk-scrollspy=\"cls: uk-animation-slide-right;\">\r\n                    <h2 class=\"uk-h2 uk-text-bold\">Nossa Sede<\/h2>\r\n                    <p class=\"uk-text-large uk-text-muted\">Fa\u00e7a-nos uma visita e conhe\u00e7a o nosso espa\u00e7o focado no ensino e acolhimento.<\/p>\r\n                    \r\n                    <ul class=\"uk-list uk-margin-medium-top\">\r\n                        <li><span uk-icon=\"icon: location\" class=\"text-primary uk-margin-small-right\"><\/span> <strong>Endere\u00e7o:<\/strong> [Inserir a Morada Atual da Sede aqui]<\/li>\r\n                        <li><span uk-icon=\"icon: clock\" class=\"text-primary uk-margin-small-right\"><\/span> <strong>Hor\u00e1rio de Funcionamento:<\/strong> Segunda a Sexta, das 09h \u00e0s 18h<\/li>\r\n                    <\/ul>\r\n\r\n                    <div class=\"uk-margin-medium-top bg-black uk-flex uk-flex-middle uk-flex-center\" style=\"height: 350px; border-radius: 12px; overflow: hidden; box-shadow: 6px 6px 15px rgba(0,0,0,0.1);\">\r\n                        <span class=\"uk-text-muted\" style=\"color: #fff !important;\">[Inserir iFrame do Google Maps Aqui]<\/span>\r\n                    <\/div>\r\n                <\/div>\r\n                \r\n            <\/div>\r\n        <\/div>\r\n    <\/section>\r\n\r\n    <footer class=\"bg-black uk-section uk-section-small\" style=\"border-top: 1px solid #333;\">\r\n        <div class=\"uk-container uk-text-center\">\r\n            <p class=\"uk-margin-remove\" style=\"color: #777;\">\u00a9 2026 SOPSP - Sociedade de Psicodrama de S\u00e3o Paulo. Todos os direitos reservados.<\/p>\r\n        <\/div>\r\n    <\/footer>\r\n\r\n<\/body>\r\n<\/html>\t\t\t\t<\/div>\n\t\t\t\t<\/div>\n\t\t\t\t<\/div>\n\t\t\t\t<\/div>\n\t\t","protected":false},"excerpt":{"rendered":"<p>Contato &#8211; SOPSP Fale com a SOPSP Estamos prontos para ouvir, esclarecer d\u00favidas e receber novos membros na nossa comunidade psicodram\u00e1tica. E-mail sopsp@sopsp.org.br Telefone \/ WhatsApp 11 94887-4689 Instagram @sopsp_psicodrama Envie-nos uma Mensagem Preencha os campos abaixo e responderemos com a maior brevidade poss\u00edvel. Nome Completo E-mail Telefone Assunto D\u00favidas sobre a Forma\u00e7\u00e3oAtendimento \/ CAPSIEventos [&hellip;]<\/p>\n","protected":false},"author":1,"featured_media":0,"parent":0,"menu_order":0,"comment_status":"closed","ping_status":"closed","template":"elementor_header_footer","meta":{"footnotes":""},"class_list":["post-64","page","type-page","status-publish","hentry"],"yoast_head":"<!-- This site is optimized with the Yoast SEO plugin v27.3 - https:\/\/yoast.com\/product\/yoast-seo-wordpress\/ -->\n<title>Contato - Sopsp<\/title>\n<meta name=\"robots\" content=\"index, follow, max-snippet:-1, max-image-preview:large, max-video-preview:-1\" \/>\n<link rel=\"canonical\" href=\"https:\/\/sopsp.org.br\/?page_id=64\" \/>\n<meta property=\"og:locale\" content=\"pt_BR\" \/>\n<meta property=\"og:type\" content=\"article\" \/>\n<meta property=\"og:title\" content=\"Contato - Sopsp\" \/>\n<meta property=\"og:description\" content=\"Contato &#8211; SOPSP Fale com a SOPSP Estamos prontos para ouvir, esclarecer d\u00favidas e receber novos membros na nossa comunidade psicodram\u00e1tica. E-mail sopsp@sopsp.org.br Telefone \/ WhatsApp 11 94887-4689 Instagram @sopsp_psicodrama Envie-nos uma Mensagem Preencha os campos abaixo e responderemos com a maior brevidade poss\u00edvel. Nome Completo E-mail Telefone Assunto D\u00favidas sobre a Forma\u00e7\u00e3oAtendimento \/ CAPSIEventos [&hellip;]\" \/>\n<meta property=\"og:url\" content=\"https:\/\/sopsp.org.br\/?page_id=64\" \/>\n<meta property=\"og:site_name\" content=\"Sopsp\" \/>\n<meta property=\"article:modified_time\" content=\"2026-04-13T15:23:37+00:00\" \/>\n<meta name=\"twitter:card\" content=\"summary_large_image\" \/>\n<meta name=\"twitter:label1\" content=\"Est. tempo de leitura\" \/>\n\t<meta name=\"twitter:data1\" content=\"1 minuto\" \/>\n<script type=\"application\/ld+json\" class=\"yoast-schema-graph\">{\"@context\":\"https:\\\/\\\/schema.org\",\"@graph\":[{\"@type\":\"WebPage\",\"@id\":\"https:\\\/\\\/sopsp.org.br\\\/?page_id=64\",\"url\":\"https:\\\/\\\/sopsp.org.br\\\/?page_id=64\",\"name\":\"Contato - Sopsp\",\"isPartOf\":{\"@id\":\"https:\\\/\\\/sopsp.org.br\\\/#website\"},\"datePublished\":\"2026-04-13T15:21:31+00:00\",\"dateModified\":\"2026-04-13T15:23:37+00:00\",\"breadcrumb\":{\"@id\":\"https:\\\/\\\/sopsp.org.br\\\/?page_id=64#breadcrumb\"},\"inLanguage\":\"pt-BR\",\"potentialAction\":[{\"@type\":\"ReadAction\",\"target\":[\"https:\\\/\\\/sopsp.org.br\\\/?page_id=64\"]}]},{\"@type\":\"BreadcrumbList\",\"@id\":\"https:\\\/\\\/sopsp.org.br\\\/?page_id=64#breadcrumb\",\"itemListElement\":[{\"@type\":\"ListItem\",\"position\":1,\"name\":\"Home\",\"item\":\"https:\\\/\\\/sopsp.org.br\\\/\"},{\"@type\":\"ListItem\",\"position\":2,\"name\":\"Contato\"}]},{\"@type\":\"WebSite\",\"@id\":\"https:\\\/\\\/sopsp.org.br\\\/#website\",\"url\":\"https:\\\/\\\/sopsp.org.br\\\/\",\"name\":\"Sopsp\",\"description\":\"\",\"potentialAction\":[{\"@type\":\"SearchAction\",\"target\":{\"@type\":\"EntryPoint\",\"urlTemplate\":\"https:\\\/\\\/sopsp.org.br\\\/?s={search_term_string}\"},\"query-input\":{\"@type\":\"PropertyValueSpecification\",\"valueRequired\":true,\"valueName\":\"search_term_string\"}}],\"inLanguage\":\"pt-BR\"}]}<\/script>\n<!-- \/ Yoast SEO plugin. -->","yoast_head_json":{"title":"Contato - Sopsp","robots":{"index":"index","follow":"follow","max-snippet":"max-snippet:-1","max-image-preview":"max-image-preview:large","max-video-preview":"max-video-preview:-1"},"canonical":"https:\/\/sopsp.org.br\/?page_id=64","og_locale":"pt_BR","og_type":"article","og_title":"Contato - Sopsp","og_description":"Contato &#8211; SOPSP Fale com a SOPSP Estamos prontos para ouvir, esclarecer d\u00favidas e receber novos membros na nossa comunidade psicodram\u00e1tica. E-mail sopsp@sopsp.org.br Telefone \/ WhatsApp 11 94887-4689 Instagram @sopsp_psicodrama Envie-nos uma Mensagem Preencha os campos abaixo e responderemos com a maior brevidade poss\u00edvel. Nome Completo E-mail Telefone Assunto D\u00favidas sobre a Forma\u00e7\u00e3oAtendimento \/ CAPSIEventos [&hellip;]","og_url":"https:\/\/sopsp.org.br\/?page_id=64","og_site_name":"Sopsp","article_modified_time":"2026-04-13T15:23:37+00:00","twitter_card":"summary_large_image","twitter_misc":{"Est. tempo de leitura":"1 minuto"},"schema":{"@context":"https:\/\/schema.org","@graph":[{"@type":"WebPage","@id":"https:\/\/sopsp.org.br\/?page_id=64","url":"https:\/\/sopsp.org.br\/?page_id=64","name":"Contato - Sopsp","isPartOf":{"@id":"https:\/\/sopsp.org.br\/#website"},"datePublished":"2026-04-13T15:21:31+00:00","dateModified":"2026-04-13T15:23:37+00:00","breadcrumb":{"@id":"https:\/\/sopsp.org.br\/?page_id=64#breadcrumb"},"inLanguage":"pt-BR","potentialAction":[{"@type":"ReadAction","target":["https:\/\/sopsp.org.br\/?page_id=64"]}]},{"@type":"BreadcrumbList","@id":"https:\/\/sopsp.org.br\/?page_id=64#breadcrumb","itemListElement":[{"@type":"ListItem","position":1,"name":"Home","item":"https:\/\/sopsp.org.br\/"},{"@type":"ListItem","position":2,"name":"Contato"}]},{"@type":"WebSite","@id":"https:\/\/sopsp.org.br\/#website","url":"https:\/\/sopsp.org.br\/","name":"Sopsp","description":"","potentialAction":[{"@type":"SearchAction","target":{"@type":"EntryPoint","urlTemplate":"https:\/\/sopsp.org.br\/?s={search_term_string}"},"query-input":{"@type":"PropertyValueSpecification","valueRequired":true,"valueName":"search_term_string"}}],"inLanguage":"pt-BR"}]}},"_links":{"self":[{"href":"https:\/\/sopsp.org.br\/index.php?rest_route=\/wp\/v2\/pages\/64","targetHints":{"allow":["GET"]}}],"collection":[{"href":"https:\/\/sopsp.org.br\/index.php?rest_route=\/wp\/v2\/pages"}],"about":[{"href":"https:\/\/sopsp.org.br\/index.php?rest_route=\/wp\/v2\/types\/page"}],"author":[{"embeddable":true,"href":"https:\/\/sopsp.org.br\/index.php?rest_route=\/wp\/v2\/users\/1"}],"replies":[{"embeddable":true,"href":"https:\/\/sopsp.org.br\/index.php?rest_route=%2Fwp%2Fv2%2Fcomments&post=64"}],"version-history":[{"count":7,"href":"https:\/\/sopsp.org.br\/index.php?rest_route=\/wp\/v2\/pages\/64\/revisions"}],"predecessor-version":[{"id":74,"href":"https:\/\/sopsp.org.br\/index.php?rest_route=\/wp\/v2\/pages\/64\/revisions\/74"}],"wp:attachment":[{"href":"https:\/\/sopsp.org.br\/index.php?rest_route=%2Fwp%2Fv2%2Fmedia&parent=64"}],"curies":[{"name":"wp","href":"https:\/\/api.w.org\/{rel}","templated":true}]}}